{"id":57623,"date":"2023-08-29T07:59:52","date_gmt":"2023-08-29T05:59:52","guid":{"rendered":"https:\/\/rubi5.com\/?post_type=product&#038;p=57623"},"modified":"2025-01-23T13:34:15","modified_gmt":"2025-01-23T11:34:15","slug":"notas-adhesivas-de-tapas-con-semillas","status":"publish","type":"product","link":"https:\/\/rubi5.com\/staging\/notas-adhesivas-de-tapas-con-semillas\/","title":{"rendered":"Notas adhesivas de tapas con semillas"},"content":{"rendered":"","protected":false},"excerpt":{"rendered":"<p>Notas adhesivas de tapas con semillas. Contiene 5 colores de p\u00f3sits peque\u00f1os, para marcar p\u00e1ginas de libros y cuadernos. Ideal para estudiantes o para empleados de oficina.<\/p>\n<p>Lo curioso de estas notas son las tapas de semillas. Despu\u00e9s de su uso, podr\u00e1s plantar esas tapas que ibas a tirar a la basura, y conseguir que crezcan amapolas rojas en la tierra.<\/p>\n<p>Una novedad en regalo promocional ecol\u00f3gico, que sorprender\u00e1 a tus clientes.<\/p>\n","protected":false},"featured_media":57624,"template":"","meta":{"_acf_changed":false},"product_brand":[],"product_cat":[33,248,247,980,963],"product_tag":[],"class_list":{"0":"post-57623","1":"product","2":"type-product","3":"status-publish","4":"has-post-thumbnail","6":"product_cat-oficina","7":"product_cat-blocs-de-notas-personalizados","8":"product_cat-libretas-personalizadas","9":"product_cat-mas-regalos","10":"product_cat-regalos-con-semillas","12":"first","13":"instock","14":"taxable","15":"shipping-taxable","16":"purchasable","17":"product-type-simple"},"acf":[],"_links":{"self":[{"href":"https:\/\/rubi5.com\/staging\/wp-json\/wp\/v2\/product\/57623","targetHints":{"allow":["GET"]}}],"collection":[{"href":"https:\/\/rubi5.com\/staging\/wp-json\/wp\/v2\/product"}],"about":[{"href":"https:\/\/rubi5.com\/staging\/wp-json\/wp\/v2\/types\/product"}],"version-history":[{"count":2,"href":"https:\/\/rubi5.com\/staging\/wp-json\/wp\/v2\/product\/57623\/revisions"}],"predecessor-version":[{"id":57629,"href":"https:\/\/rubi5.com\/staging\/wp-json\/wp\/v2\/product\/57623\/revisions\/57629"}],"wp:featuredmedia":[{"embeddable":true,"href":"https:\/\/rubi5.com\/staging\/wp-json\/wp\/v2\/media\/57624"}],"wp:attachment":[{"href":"https:\/\/rubi5.com\/staging\/wp-json\/wp\/v2\/media?parent=57623"}],"wp:term":[{"taxonomy":"product_brand","embeddable":true,"href":"https:\/\/rubi5.com\/staging\/wp-json\/wp\/v2\/product_brand?post=57623"},{"taxonomy":"product_cat","embeddable":true,"href":"https:\/\/rubi5.com\/staging\/wp-json\/wp\/v2\/product_cat?post=57623"},{"taxonomy":"product_tag","embeddable":true,"href":"https:\/\/rubi5.com\/staging\/wp-json\/wp\/v2\/product_tag?post=57623"}],"curies":[{"name":"wp","href":"https:\/\/api.w.org\/{rel}","templated":true}]}}