{"id":57630,"date":"2023-08-29T07:43:38","date_gmt":"2023-08-29T05:43:38","guid":{"rendered":"https:\/\/rubi5.com\/?post_type=product&#038;p=57630"},"modified":"2025-01-23T13:32:51","modified_gmt":"2025-01-23T11:32:51","slug":"bloc-de-notas-con-semillas","status":"publish","type":"product","link":"https:\/\/rubi5.com\/staging\/bloc-de-notas-con-semillas\/","title":{"rendered":"Bloc de notas con semillas"},"content":{"rendered":"","protected":false},"excerpt":{"rendered":"<p>Bloc de notas de 25 hojas de papel de hierba y 3 marcap\u00e1ginas adhesivos de colores. Con las tapas blandas de semillas.<\/p>\n<p>Como cualquier otro bloc, sus notas se pueden despegar y pegar en cualquier parte. Escribir sin problema en ellas, y pegar los marcadores en las p\u00e1ginas de tu agenda.<\/p>\n<p>Una vez que hayas acabado con todas las notas, puedes plantar la tapa en la tierra. Dar\u00e1 un nuevo prop\u00f3sito a tu art\u00edculo, as\u00ed como una imagen de sostenible y ecol\u00f3gica a tu empresa.<\/p>\n","protected":false},"featured_media":57632,"template":"","meta":{"_acf_changed":false},"product_brand":[],"product_cat":[247,248,980,33,963],"product_tag":[],"class_list":{"0":"post-57630","1":"product","2":"type-product","3":"status-publish","4":"has-post-thumbnail","6":"product_cat-libretas-personalizadas","7":"product_cat-blocs-de-notas-personalizados","8":"product_cat-mas-regalos","9":"product_cat-oficina","10":"product_cat-regalos-con-semillas","12":"first","13":"instock","14":"taxable","15":"shipping-taxable","16":"purchasable","17":"product-type-simple"},"acf":[],"_links":{"self":[{"href":"https:\/\/rubi5.com\/staging\/wp-json\/wp\/v2\/product\/57630","targetHints":{"allow":["GET"]}}],"collection":[{"href":"https:\/\/rubi5.com\/staging\/wp-json\/wp\/v2\/product"}],"about":[{"href":"https:\/\/rubi5.com\/staging\/wp-json\/wp\/v2\/types\/product"}],"version-history":[{"count":2,"href":"https:\/\/rubi5.com\/staging\/wp-json\/wp\/v2\/product\/57630\/revisions"}],"predecessor-version":[{"id":57635,"href":"https:\/\/rubi5.com\/staging\/wp-json\/wp\/v2\/product\/57630\/revisions\/57635"}],"wp:featuredmedia":[{"embeddable":true,"href":"https:\/\/rubi5.com\/staging\/wp-json\/wp\/v2\/media\/57632"}],"wp:attachment":[{"href":"https:\/\/rubi5.com\/staging\/wp-json\/wp\/v2\/media?parent=57630"}],"wp:term":[{"taxonomy":"product_brand","embeddable":true,"href":"https:\/\/rubi5.com\/staging\/wp-json\/wp\/v2\/product_brand?post=57630"},{"taxonomy":"product_cat","embeddable":true,"href":"https:\/\/rubi5.com\/staging\/wp-json\/wp\/v2\/product_cat?post=57630"},{"taxonomy":"product_tag","embeddable":true,"href":"https:\/\/rubi5.com\/staging\/wp-json\/wp\/v2\/product_tag?post=57630"}],"curies":[{"name":"wp","href":"https:\/\/api.w.org\/{rel}","templated":true}]}}