{"id":57642,"date":"2023-08-29T09:18:19","date_gmt":"2023-08-29T07:18:19","guid":{"rendered":"https:\/\/rubi5.com\/?post_type=product&#038;p=57642"},"modified":"2025-01-23T13:29:49","modified_gmt":"2025-01-23T11:29:49","slug":"cuaderno-ecologico-con-semillas","status":"publish","type":"product","link":"https:\/\/rubi5.com\/staging\/cuaderno-ecologico-con-semillas\/","title":{"rendered":"Cuaderno ecol\u00f3gico con semillas"},"content":{"rendered":"","protected":false},"excerpt":{"rendered":"<p>Devuelve un \u00e1rbol a la tierra con esta original libreta ecol\u00f3gica de papel. Contiene 72 hojas rayadas y tapas de cart\u00f3n con espiral. Incluye semillas de pino dentro de la tapa, que podr\u00e1s sacar y dar una nueva vida al planeta. El \u00e1rbol crecer\u00e1 aproximadamente 30 cm por a\u00f1o.<\/p>\n<p>Un regalo promocional sostenible, fabricado en la UE.<\/p>\n","protected":false},"featured_media":62148,"template":"","meta":{"_acf_changed":false},"product_brand":[],"product_cat":[33,933,247,980,963],"product_tag":[],"class_list":{"0":"post-57642","1":"product","2":"type-product","3":"status-publish","4":"has-post-thumbnail","6":"product_cat-oficina","7":"product_cat-libretas-ecologicas","8":"product_cat-libretas-personalizadas","9":"product_cat-mas-regalos","10":"product_cat-regalos-con-semillas","12":"first","13":"instock","14":"taxable","15":"shipping-taxable","16":"purchasable","17":"product-type-simple"},"acf":[],"_links":{"self":[{"href":"https:\/\/rubi5.com\/staging\/wp-json\/wp\/v2\/product\/57642","targetHints":{"allow":["GET"]}}],"collection":[{"href":"https:\/\/rubi5.com\/staging\/wp-json\/wp\/v2\/product"}],"about":[{"href":"https:\/\/rubi5.com\/staging\/wp-json\/wp\/v2\/types\/product"}],"version-history":[{"count":2,"href":"https:\/\/rubi5.com\/staging\/wp-json\/wp\/v2\/product\/57642\/revisions"}],"predecessor-version":[{"id":57648,"href":"https:\/\/rubi5.com\/staging\/wp-json\/wp\/v2\/product\/57642\/revisions\/57648"}],"wp:featuredmedia":[{"embeddable":true,"href":"https:\/\/rubi5.com\/staging\/wp-json\/wp\/v2\/media\/62148"}],"wp:attachment":[{"href":"https:\/\/rubi5.com\/staging\/wp-json\/wp\/v2\/media?parent=57642"}],"wp:term":[{"taxonomy":"product_brand","embeddable":true,"href":"https:\/\/rubi5.com\/staging\/wp-json\/wp\/v2\/product_brand?post=57642"},{"taxonomy":"product_cat","embeddable":true,"href":"https:\/\/rubi5.com\/staging\/wp-json\/wp\/v2\/product_cat?post=57642"},{"taxonomy":"product_tag","embeddable":true,"href":"https:\/\/rubi5.com\/staging\/wp-json\/wp\/v2\/product_tag?post=57642"}],"curies":[{"name":"wp","href":"https:\/\/api.w.org\/{rel}","templated":true}]}}