{"id":57653,"date":"2023-08-29T10:00:23","date_gmt":"2023-08-29T08:00:23","guid":{"rendered":"https:\/\/rubi5.com\/?post_type=product&#038;p=57653"},"modified":"2025-01-23T13:39:32","modified_gmt":"2025-01-23T11:39:32","slug":"punto-de-libro-con-regla","status":"publish","type":"product","link":"https:\/\/rubi5.com\/staging\/punto-de-libro-con-regla\/","title":{"rendered":"Punto de libro con regla"},"content":{"rendered":"","protected":false},"excerpt":{"rendered":"<p>Punto de libro con forma de bombilla. Incluye una regla de 13 cm, 1 bloc de notas adhesivas amarillas y 5 notas adhesivas de colores surtidos.<\/p>\n<p>Fabricado en un cart\u00f3n con semillas. Despu\u00e9s de su uso, las semillas de amapolas rojas crecer\u00e1n al plantar la tapa en la tierra.<\/p>\n","protected":false},"featured_media":57655,"template":"","meta":{"_acf_changed":false},"product_brand":[],"product_cat":[33,959,980,261,963],"product_tag":[],"class_list":{"0":"post-57653","1":"product","2":"type-product","3":"status-publish","4":"has-post-thumbnail","6":"product_cat-oficina","7":"product_cat-articulos-de-papeleria","8":"product_cat-mas-regalos","9":"product_cat-material-de-oficina","10":"product_cat-regalos-con-semillas","12":"first","13":"instock","14":"taxable","15":"shipping-taxable","16":"purchasable","17":"product-type-simple"},"acf":[],"_links":{"self":[{"href":"https:\/\/rubi5.com\/staging\/wp-json\/wp\/v2\/product\/57653","targetHints":{"allow":["GET"]}}],"collection":[{"href":"https:\/\/rubi5.com\/staging\/wp-json\/wp\/v2\/product"}],"about":[{"href":"https:\/\/rubi5.com\/staging\/wp-json\/wp\/v2\/types\/product"}],"version-history":[{"count":1,"href":"https:\/\/rubi5.com\/staging\/wp-json\/wp\/v2\/product\/57653\/revisions"}],"predecessor-version":[{"id":57658,"href":"https:\/\/rubi5.com\/staging\/wp-json\/wp\/v2\/product\/57653\/revisions\/57658"}],"wp:featuredmedia":[{"embeddable":true,"href":"https:\/\/rubi5.com\/staging\/wp-json\/wp\/v2\/media\/57655"}],"wp:attachment":[{"href":"https:\/\/rubi5.com\/staging\/wp-json\/wp\/v2\/media?parent=57653"}],"wp:term":[{"taxonomy":"product_brand","embeddable":true,"href":"https:\/\/rubi5.com\/staging\/wp-json\/wp\/v2\/product_brand?post=57653"},{"taxonomy":"product_cat","embeddable":true,"href":"https:\/\/rubi5.com\/staging\/wp-json\/wp\/v2\/product_cat?post=57653"},{"taxonomy":"product_tag","embeddable":true,"href":"https:\/\/rubi5.com\/staging\/wp-json\/wp\/v2\/product_tag?post=57653"}],"curies":[{"name":"wp","href":"https:\/\/api.w.org\/{rel}","templated":true}]}}