{"id":57659,"date":"2023-08-29T10:02:14","date_gmt":"2023-08-29T08:02:14","guid":{"rendered":"https:\/\/rubi5.com\/?post_type=product&#038;p=57659"},"modified":"2025-01-23T13:38:45","modified_gmt":"2025-01-23T11:38:45","slug":"marcapaginas-personalizado-de-semillas","status":"publish","type":"product","link":"https:\/\/rubi5.com\/staging\/marcapaginas-personalizado-de-semillas\/","title":{"rendered":"Marcap\u00e1ginas personalizado de semillas"},"content":{"rendered":"","protected":false},"excerpt":{"rendered":"<p>Este marcap\u00e1ginas personalizado es una opci\u00f3n ecol\u00f3gica ideal para sorprender a tus clientes. Un marcap\u00e1ginas poco convencional de papel, con tela de algod\u00f3n colgado de \u00e9l, y semillas de pino para poder extraer y plantar.<\/p>\n<p>Con este regalo publicitario ideal para librer\u00edas, tendr\u00e1s la posibilidad de devolver un \u00e1rbol a la tierra. \u00a0El \u00e1rbol crecer\u00e1 aproximadamente 30 cm por a\u00f1o.<\/p>\n","protected":false},"featured_media":62158,"template":"","meta":{"_acf_changed":false},"product_brand":[],"product_cat":[33,959,980,261,963],"product_tag":[],"class_list":{"0":"post-57659","1":"product","2":"type-product","3":"status-publish","4":"has-post-thumbnail","6":"product_cat-oficina","7":"product_cat-articulos-de-papeleria","8":"product_cat-mas-regalos","9":"product_cat-material-de-oficina","10":"product_cat-regalos-con-semillas","12":"first","13":"instock","14":"taxable","15":"shipping-taxable","16":"purchasable","17":"product-type-simple"},"acf":[],"_links":{"self":[{"href":"https:\/\/rubi5.com\/staging\/wp-json\/wp\/v2\/product\/57659","targetHints":{"allow":["GET"]}}],"collection":[{"href":"https:\/\/rubi5.com\/staging\/wp-json\/wp\/v2\/product"}],"about":[{"href":"https:\/\/rubi5.com\/staging\/wp-json\/wp\/v2\/types\/product"}],"version-history":[{"count":1,"href":"https:\/\/rubi5.com\/staging\/wp-json\/wp\/v2\/product\/57659\/revisions"}],"predecessor-version":[{"id":57666,"href":"https:\/\/rubi5.com\/staging\/wp-json\/wp\/v2\/product\/57659\/revisions\/57666"}],"wp:featuredmedia":[{"embeddable":true,"href":"https:\/\/rubi5.com\/staging\/wp-json\/wp\/v2\/media\/62158"}],"wp:attachment":[{"href":"https:\/\/rubi5.com\/staging\/wp-json\/wp\/v2\/media?parent=57659"}],"wp:term":[{"taxonomy":"product_brand","embeddable":true,"href":"https:\/\/rubi5.com\/staging\/wp-json\/wp\/v2\/product_brand?post=57659"},{"taxonomy":"product_cat","embeddable":true,"href":"https:\/\/rubi5.com\/staging\/wp-json\/wp\/v2\/product_cat?post=57659"},{"taxonomy":"product_tag","embeddable":true,"href":"https:\/\/rubi5.com\/staging\/wp-json\/wp\/v2\/product_tag?post=57659"}],"curies":[{"name":"wp","href":"https:\/\/api.w.org\/{rel}","templated":true}]}}