{"id":57705,"date":"2023-08-29T14:59:51","date_gmt":"2023-08-29T12:59:51","guid":{"rendered":"https:\/\/rubi5.com\/?post_type=product&#038;p=57705"},"modified":"2026-01-20T19:13:44","modified_gmt":"2026-01-20T17:13:44","slug":"soporte-de-movil-para-coche-tamano-xxl","status":"publish","type":"product","link":"https:\/\/rubi5.com\/staging\/soporte-de-movil-para-coche-tamano-xxl\/","title":{"rendered":"Soporte de m\u00f3vil para coche tama\u00f1o XXL"},"content":{"rendered":"","protected":false},"excerpt":{"rendered":"<p>Un soporte para m\u00f3vil especialmente dise\u00f1ado para smartphones de tama\u00f1o XXL. Con sistema de fijaci\u00f3n universal que se activa por el propio peso del tel\u00e9fono, ajustando las pinzas de agarre una vez que se sit\u00faa el dispositivo en el soporte. Apto para colocar en la rejilla de ventilaci\u00f3n del autom\u00f3vil.<\/p>\n<p>Permite personalizarlo en el frontal con el logo de tu empresa, y as\u00ed entregar un regalo publicitario de lo m\u00e1s pr\u00e1ctico para cualquier conductor.<\/p>\n","protected":false},"featured_media":57708,"template":"","meta":{"_acf_changed":false},"product_brand":[],"product_cat":[726,376,948],"product_tag":[],"class_list":{"0":"post-57705","1":"product","2":"type-product","3":"status-publish","4":"has-post-thumbnail","6":"product_cat-accesorios-y-regalos","7":"product_cat-accesorios-de-automovil","8":"product_cat-soportes-de-movil-para-coche","10":"first","11":"instock","12":"taxable","13":"shipping-taxable","14":"purchasable","15":"product-type-variable"},"acf":[],"_links":{"self":[{"href":"https:\/\/rubi5.com\/staging\/wp-json\/wp\/v2\/product\/57705","targetHints":{"allow":["GET"]}}],"collection":[{"href":"https:\/\/rubi5.com\/staging\/wp-json\/wp\/v2\/product"}],"about":[{"href":"https:\/\/rubi5.com\/staging\/wp-json\/wp\/v2\/types\/product"}],"version-history":[{"count":1,"href":"https:\/\/rubi5.com\/staging\/wp-json\/wp\/v2\/product\/57705\/revisions"}],"predecessor-version":[{"id":57715,"href":"https:\/\/rubi5.com\/staging\/wp-json\/wp\/v2\/product\/57705\/revisions\/57715"}],"wp:featuredmedia":[{"embeddable":true,"href":"https:\/\/rubi5.com\/staging\/wp-json\/wp\/v2\/media\/57708"}],"wp:attachment":[{"href":"https:\/\/rubi5.com\/staging\/wp-json\/wp\/v2\/media?parent=57705"}],"wp:term":[{"taxonomy":"product_brand","embeddable":true,"href":"https:\/\/rubi5.com\/staging\/wp-json\/wp\/v2\/product_brand?post=57705"},{"taxonomy":"product_cat","embeddable":true,"href":"https:\/\/rubi5.com\/staging\/wp-json\/wp\/v2\/product_cat?post=57705"},{"taxonomy":"product_tag","embeddable":true,"href":"https:\/\/rubi5.com\/staging\/wp-json\/wp\/v2\/product_tag?post=57705"}],"curies":[{"name":"wp","href":"https:\/\/api.w.org\/{rel}","templated":true}]}}