{"id":57747,"date":"2023-09-05T11:08:37","date_gmt":"2023-09-05T09:08:37","guid":{"rendered":"https:\/\/rubi5.com\/?post_type=product&#038;p=57747"},"modified":"2026-01-20T19:13:44","modified_gmt":"2026-01-20T17:13:44","slug":"bidon-termico-willy-750ml","status":"publish","type":"product","link":"https:\/\/rubi5.com\/staging\/bidon-termico-willy-750ml\/","title":{"rendered":"Bid\u00f3n t\u00e9rmico Willy 750ml"},"content":{"rendered":"","protected":false},"excerpt":{"rendered":"<p>Bid\u00f3n t\u00e9rmico de 750 ml, fabricado en acero inoxidable de doble pared. Con aislamiento de cobre al vac\u00edo, que permite mantener el calor y el fr\u00edo durante m\u00e1s tiempo, llegando a las 12 y 48 horas respectivamente. Tap\u00f3n a rosca, libre de BPA y con base a juego. En colores metalizados y presentado en caja individual de dise\u00f1o kraft.<\/p>\n","protected":false},"featured_media":60610,"template":"","meta":{"_acf_changed":false},"product_brand":[],"product_cat":[235,233,30],"product_tag":[],"class_list":{"0":"post-57747","1":"product","2":"type-product","3":"status-publish","4":"has-post-thumbnail","6":"product_cat-botellas-termicas","7":"product_cat-botellas-personalizadas","8":"product_cat-tazas-y-botellas","10":"first","11":"instock","12":"taxable","13":"shipping-taxable","14":"purchasable","15":"product-type-variable"},"acf":[],"_links":{"self":[{"href":"https:\/\/rubi5.com\/staging\/wp-json\/wp\/v2\/product\/57747","targetHints":{"allow":["GET"]}}],"collection":[{"href":"https:\/\/rubi5.com\/staging\/wp-json\/wp\/v2\/product"}],"about":[{"href":"https:\/\/rubi5.com\/staging\/wp-json\/wp\/v2\/types\/product"}],"version-history":[{"count":1,"href":"https:\/\/rubi5.com\/staging\/wp-json\/wp\/v2\/product\/57747\/revisions"}],"predecessor-version":[{"id":57762,"href":"https:\/\/rubi5.com\/staging\/wp-json\/wp\/v2\/product\/57747\/revisions\/57762"}],"wp:featuredmedia":[{"embeddable":true,"href":"https:\/\/rubi5.com\/staging\/wp-json\/wp\/v2\/media\/60610"}],"wp:attachment":[{"href":"https:\/\/rubi5.com\/staging\/wp-json\/wp\/v2\/media?parent=57747"}],"wp:term":[{"taxonomy":"product_brand","embeddable":true,"href":"https:\/\/rubi5.com\/staging\/wp-json\/wp\/v2\/product_brand?post=57747"},{"taxonomy":"product_cat","embeddable":true,"href":"https:\/\/rubi5.com\/staging\/wp-json\/wp\/v2\/product_cat?post=57747"},{"taxonomy":"product_tag","embeddable":true,"href":"https:\/\/rubi5.com\/staging\/wp-json\/wp\/v2\/product_tag?post=57747"}],"curies":[{"name":"wp","href":"https:\/\/api.w.org\/{rel}","templated":true}]}}