{"id":57922,"date":"2023-09-15T11:22:53","date_gmt":"2023-09-15T09:22:53","guid":{"rendered":"https:\/\/rubi5.com\/?post_type=product&#038;p=57922"},"modified":"2026-01-20T19:13:44","modified_gmt":"2026-01-20T17:13:44","slug":"balsamo-labial-bortum","status":"publish","type":"product","link":"https:\/\/rubi5.com\/staging\/balsamo-labial-bortum\/","title":{"rendered":"B\u00e1lsamo labial Bortum"},"content":{"rendered":"","protected":false},"excerpt":{"rendered":"<p>B\u00e1lsamo labial con aroma vainilla, protecci\u00f3n SPF15 y dermatol\u00f3gicamente testado. Con tapa a rosca, de tama\u00f1o peque\u00f1o, perfecto para llevar en el bolso, o dejar encima de la mesa de tu oficina. Con un formato de acabado brillante, disponible en colores que llaman la atenci\u00f3n: dorado, plateado y oro rosa.<\/p>\n","protected":false},"featured_media":62064,"template":"","meta":{"_acf_changed":false},"product_brand":[],"product_cat":[922,187],"product_tag":[],"class_list":{"0":"post-57922","1":"product","2":"type-product","3":"status-publish","4":"has-post-thumbnail","6":"product_cat-balsamos-labiales","7":"product_cat-salud-y-bienestar","9":"first","10":"instock","11":"taxable","12":"shipping-taxable","13":"purchasable","14":"product-type-variable"},"acf":[],"_links":{"self":[{"href":"https:\/\/rubi5.com\/staging\/wp-json\/wp\/v2\/product\/57922","targetHints":{"allow":["GET"]}}],"collection":[{"href":"https:\/\/rubi5.com\/staging\/wp-json\/wp\/v2\/product"}],"about":[{"href":"https:\/\/rubi5.com\/staging\/wp-json\/wp\/v2\/types\/product"}],"version-history":[{"count":1,"href":"https:\/\/rubi5.com\/staging\/wp-json\/wp\/v2\/product\/57922\/revisions"}],"predecessor-version":[{"id":57928,"href":"https:\/\/rubi5.com\/staging\/wp-json\/wp\/v2\/product\/57922\/revisions\/57928"}],"wp:featuredmedia":[{"embeddable":true,"href":"https:\/\/rubi5.com\/staging\/wp-json\/wp\/v2\/media\/62064"}],"wp:attachment":[{"href":"https:\/\/rubi5.com\/staging\/wp-json\/wp\/v2\/media?parent=57922"}],"wp:term":[{"taxonomy":"product_brand","embeddable":true,"href":"https:\/\/rubi5.com\/staging\/wp-json\/wp\/v2\/product_brand?post=57922"},{"taxonomy":"product_cat","embeddable":true,"href":"https:\/\/rubi5.com\/staging\/wp-json\/wp\/v2\/product_cat?post=57922"},{"taxonomy":"product_tag","embeddable":true,"href":"https:\/\/rubi5.com\/staging\/wp-json\/wp\/v2\/product_tag?post=57922"}],"curies":[{"name":"wp","href":"https:\/\/api.w.org\/{rel}","templated":true}]}}