{"id":58016,"date":"2023-09-27T08:11:43","date_gmt":"2023-09-27T06:11:43","guid":{"rendered":"https:\/\/rubi5.com\/?post_type=product&#038;p=58016"},"modified":"2026-01-20T19:13:44","modified_gmt":"2026-01-20T17:13:44","slug":"libreta-anillas-gulliver","status":"publish","type":"product","link":"https:\/\/rubi5.com\/staging\/libreta-anillas-gulliver\/","title":{"rendered":"Libreta anillas Gulliver"},"content":{"rendered":"","protected":false},"excerpt":{"rendered":"<p>Libreta de anillas con tapas de cart\u00f3n reciclado r\u00edgido. En su interior contiene 80 hojas a rayas. Podr\u00e1s elegir las tapas en diferentes colores, desde el color natural del cart\u00f3n, a un rojo vivo que podr\u00eda combinar con el logo oscuro de tu marca, y destacar en el pr\u00f3ximo evento.<\/p>\n<p>Medidas libreta: 16.4 x 21.7 cm<\/p>\n","protected":false},"featured_media":58019,"template":"","meta":{"_acf_changed":false},"product_brand":[],"product_cat":[932,247,33],"product_tag":[],"class_list":{"0":"post-58016","1":"product","2":"type-product","3":"status-publish","4":"has-post-thumbnail","6":"product_cat-libretas-de-anillas","7":"product_cat-libretas-personalizadas","8":"product_cat-oficina","10":"first","11":"instock","12":"taxable","13":"shipping-taxable","14":"purchasable","15":"product-type-variable"},"acf":[],"_links":{"self":[{"href":"https:\/\/rubi5.com\/staging\/wp-json\/wp\/v2\/product\/58016","targetHints":{"allow":["GET"]}}],"collection":[{"href":"https:\/\/rubi5.com\/staging\/wp-json\/wp\/v2\/product"}],"about":[{"href":"https:\/\/rubi5.com\/staging\/wp-json\/wp\/v2\/types\/product"}],"version-history":[{"count":4,"href":"https:\/\/rubi5.com\/staging\/wp-json\/wp\/v2\/product\/58016\/revisions"}],"predecessor-version":[{"id":59674,"href":"https:\/\/rubi5.com\/staging\/wp-json\/wp\/v2\/product\/58016\/revisions\/59674"}],"wp:featuredmedia":[{"embeddable":true,"href":"https:\/\/rubi5.com\/staging\/wp-json\/wp\/v2\/media\/58019"}],"wp:attachment":[{"href":"https:\/\/rubi5.com\/staging\/wp-json\/wp\/v2\/media?parent=58016"}],"wp:term":[{"taxonomy":"product_brand","embeddable":true,"href":"https:\/\/rubi5.com\/staging\/wp-json\/wp\/v2\/product_brand?post=58016"},{"taxonomy":"product_cat","embeddable":true,"href":"https:\/\/rubi5.com\/staging\/wp-json\/wp\/v2\/product_cat?post=58016"},{"taxonomy":"product_tag","embeddable":true,"href":"https:\/\/rubi5.com\/staging\/wp-json\/wp\/v2\/product_tag?post=58016"}],"curies":[{"name":"wp","href":"https:\/\/api.w.org\/{rel}","templated":true}]}}