{"id":58029,"date":"2023-09-27T09:31:56","date_gmt":"2023-09-27T07:31:56","guid":{"rendered":"https:\/\/rubi5.com\/?post_type=product&#038;p=58029"},"modified":"2026-01-20T19:13:44","modified_gmt":"2026-01-20T17:13:44","slug":"boligrafo-puntero-tacto-goma-taulf","status":"publish","type":"product","link":"https:\/\/rubi5.com\/staging\/boligrafo-puntero-tacto-goma-taulf\/","title":{"rendered":"Bol\u00edgrafo puntero tacto goma Taulf"},"content":{"rendered":"","protected":false},"excerpt":{"rendered":"<p>Bol\u00edgrafo puntero de tacto goma especialmente dise\u00f1ado para grabar a l\u00e1ser con tu logotipo en un color dorado rosado. Un bol\u00edgrafo elegante y original que encantar\u00e1 a todo el que lo reciba como regalo.<\/p>\n<p>De mecanismo pulsador, con accesorios metalizados en todos met\u00e1licos de color cobre, a juego con la grabaci\u00f3n a l\u00e1ser, si decides grabar tu logotipo de esa manera.<\/p>\n<p>Tambi\u00e9n podr\u00e1s grabar el cuerpo del bol\u00edgrafo en el color que mejor vaya con el logo de tu empresa. \u00a1T\u00fa decides!<\/p>\n<p>De cartucho jumbo y en tinta azul. Presentado en caja de dise\u00f1o negra.<\/p>\n","protected":false},"featured_media":58045,"template":"","meta":{"_acf_changed":false},"product_brand":[],"product_cat":[319,317,43],"product_tag":[],"class_list":{"0":"post-58029","1":"product","2":"type-product","3":"status-publish","4":"has-post-thumbnail","6":"product_cat-boligrafos-metalicos","7":"product_cat-boligrafos-personalizados","8":"product_cat-escritura","10":"first","11":"instock","12":"taxable","13":"shipping-taxable","14":"purchasable","15":"product-type-variable"},"acf":[],"_links":{"self":[{"href":"https:\/\/rubi5.com\/staging\/wp-json\/wp\/v2\/product\/58029","targetHints":{"allow":["GET"]}}],"collection":[{"href":"https:\/\/rubi5.com\/staging\/wp-json\/wp\/v2\/product"}],"about":[{"href":"https:\/\/rubi5.com\/staging\/wp-json\/wp\/v2\/types\/product"}],"version-history":[{"count":3,"href":"https:\/\/rubi5.com\/staging\/wp-json\/wp\/v2\/product\/58029\/revisions"}],"predecessor-version":[{"id":58058,"href":"https:\/\/rubi5.com\/staging\/wp-json\/wp\/v2\/product\/58029\/revisions\/58058"}],"wp:featuredmedia":[{"embeddable":true,"href":"https:\/\/rubi5.com\/staging\/wp-json\/wp\/v2\/media\/58045"}],"wp:attachment":[{"href":"https:\/\/rubi5.com\/staging\/wp-json\/wp\/v2\/media?parent=58029"}],"wp:term":[{"taxonomy":"product_brand","embeddable":true,"href":"https:\/\/rubi5.com\/staging\/wp-json\/wp\/v2\/product_brand?post=58029"},{"taxonomy":"product_cat","embeddable":true,"href":"https:\/\/rubi5.com\/staging\/wp-json\/wp\/v2\/product_cat?post=58029"},{"taxonomy":"product_tag","embeddable":true,"href":"https:\/\/rubi5.com\/staging\/wp-json\/wp\/v2\/product_tag?post=58029"}],"curies":[{"name":"wp","href":"https:\/\/api.w.org\/{rel}","templated":true}]}}