{"id":58038,"date":"2023-09-27T10:24:35","date_gmt":"2023-09-27T08:24:35","guid":{"rendered":"https:\/\/rubi5.com\/?post_type=product&#038;p=58038"},"modified":"2025-01-16T14:36:30","modified_gmt":"2025-01-16T12:36:30","slug":"mochilas-reflectante-bright-sportbag","status":"publish","type":"product","link":"https:\/\/rubi5.com\/staging\/mochilas-reflectante-bright-sportbag\/","title":{"rendered":"Mochilas reflectante Bright Sportbag"},"content":{"rendered":"","protected":false},"excerpt":{"rendered":"<p>Mochila de poli\u00e9ster 190T altamente reflectante con cord\u00f3n en la parte delantera. Espalda, correas y fondo acolchados. Compartimento para port\u00e1til 15&#8221;. Un bolsillo lateral de malla y otro lateral con cremallera.<\/p>\n","protected":false},"featured_media":62852,"template":"","meta":{"_acf_changed":false},"product_brand":[],"product_cat":[21,220,966],"product_tag":[],"class_list":{"0":"post-58038","1":"product","2":"type-product","3":"status-publish","4":"has-post-thumbnail","6":"product_cat-bolsas-y-mochilas","7":"product_cat-mochilas-personalizadas","8":"product_cat-mochilas-reflectantes","10":"first","11":"instock","12":"taxable","13":"shipping-taxable","14":"purchasable","15":"product-type-simple"},"acf":[],"_links":{"self":[{"href":"https:\/\/rubi5.com\/staging\/wp-json\/wp\/v2\/product\/58038","targetHints":{"allow":["GET"]}}],"collection":[{"href":"https:\/\/rubi5.com\/staging\/wp-json\/wp\/v2\/product"}],"about":[{"href":"https:\/\/rubi5.com\/staging\/wp-json\/wp\/v2\/types\/product"}],"version-history":[{"count":2,"href":"https:\/\/rubi5.com\/staging\/wp-json\/wp\/v2\/product\/58038\/revisions"}],"predecessor-version":[{"id":58040,"href":"https:\/\/rubi5.com\/staging\/wp-json\/wp\/v2\/product\/58038\/revisions\/58040"}],"wp:featuredmedia":[{"embeddable":true,"href":"https:\/\/rubi5.com\/staging\/wp-json\/wp\/v2\/media\/62852"}],"wp:attachment":[{"href":"https:\/\/rubi5.com\/staging\/wp-json\/wp\/v2\/media?parent=58038"}],"wp:term":[{"taxonomy":"product_brand","embeddable":true,"href":"https:\/\/rubi5.com\/staging\/wp-json\/wp\/v2\/product_brand?post=58038"},{"taxonomy":"product_cat","embeddable":true,"href":"https:\/\/rubi5.com\/staging\/wp-json\/wp\/v2\/product_cat?post=58038"},{"taxonomy":"product_tag","embeddable":true,"href":"https:\/\/rubi5.com\/staging\/wp-json\/wp\/v2\/product_tag?post=58038"}],"curies":[{"name":"wp","href":"https:\/\/api.w.org\/{rel}","templated":true}]}}