{"id":58156,"date":"2023-10-02T11:12:08","date_gmt":"2023-10-02T09:12:08","guid":{"rendered":"https:\/\/rubi5.com\/?post_type=product&#038;p=58156"},"modified":"2026-01-20T19:13:44","modified_gmt":"2026-01-20T17:13:44","slug":"boligrafo-de-aluminio-y-corcho-logard","status":"publish","type":"product","link":"https:\/\/rubi5.com\/staging\/boligrafo-de-aluminio-y-corcho-logard\/","title":{"rendered":"Bol\u00edgrafo de aluminio y corcho Logard"},"content":{"rendered":"","protected":false},"excerpt":{"rendered":"<p>Bol\u00edgrafo de aluminio en acabado de goma, para un tacto suave, y disponible en diferentes colores. Con una empu\u00f1adura en corcho.\u00a0Un bol\u00edgrafo publicitario de clip met\u00e1lico y pulsador retr\u00e1ctil, que escribe en tinta azul.<\/p>\n<p>Presentado en una bolsa individual reciclada.<\/p>\n<p>Apuesta por un bol\u00edgrafo como este, elaborado con elementos vegetales para fomentar la utilizaci\u00f3n de materias primas naturales y reducir las emisiones contaminantes.<\/p>\n","protected":false},"featured_media":58230,"template":"","meta":{"_acf_changed":false},"product_brand":[],"product_cat":[319,317,43],"product_tag":[],"class_list":{"0":"post-58156","1":"product","2":"type-product","3":"status-publish","4":"has-post-thumbnail","6":"product_cat-boligrafos-metalicos","7":"product_cat-boligrafos-personalizados","8":"product_cat-escritura","10":"first","11":"instock","12":"taxable","13":"shipping-taxable","14":"purchasable","15":"product-type-variable"},"acf":[],"_links":{"self":[{"href":"https:\/\/rubi5.com\/staging\/wp-json\/wp\/v2\/product\/58156","targetHints":{"allow":["GET"]}}],"collection":[{"href":"https:\/\/rubi5.com\/staging\/wp-json\/wp\/v2\/product"}],"about":[{"href":"https:\/\/rubi5.com\/staging\/wp-json\/wp\/v2\/types\/product"}],"version-history":[{"count":4,"href":"https:\/\/rubi5.com\/staging\/wp-json\/wp\/v2\/product\/58156\/revisions"}],"predecessor-version":[{"id":61206,"href":"https:\/\/rubi5.com\/staging\/wp-json\/wp\/v2\/product\/58156\/revisions\/61206"}],"wp:featuredmedia":[{"embeddable":true,"href":"https:\/\/rubi5.com\/staging\/wp-json\/wp\/v2\/media\/58230"}],"wp:attachment":[{"href":"https:\/\/rubi5.com\/staging\/wp-json\/wp\/v2\/media?parent=58156"}],"wp:term":[{"taxonomy":"product_brand","embeddable":true,"href":"https:\/\/rubi5.com\/staging\/wp-json\/wp\/v2\/product_brand?post=58156"},{"taxonomy":"product_cat","embeddable":true,"href":"https:\/\/rubi5.com\/staging\/wp-json\/wp\/v2\/product_cat?post=58156"},{"taxonomy":"product_tag","embeddable":true,"href":"https:\/\/rubi5.com\/staging\/wp-json\/wp\/v2\/product_tag?post=58156"}],"curies":[{"name":"wp","href":"https:\/\/api.w.org\/{rel}","templated":true}]}}