{"id":58182,"date":"2023-10-02T12:41:14","date_gmt":"2023-10-02T10:41:14","guid":{"rendered":"https:\/\/rubi5.com\/?post_type=product&#038;p=58182"},"modified":"2026-01-20T19:11:08","modified_gmt":"2026-01-20T17:11:08","slug":"bidon-cristal-con-funda-blorek","status":"publish","type":"product","link":"https:\/\/rubi5.com\/staging\/bidon-cristal-con-funda-blorek\/","title":{"rendered":"Bid\u00f3n cristal con funda Blorek"},"content":{"rendered":"","protected":false},"excerpt":{"rendered":"<p>Bid\u00f3n de 500ml de capacidad. Fabricado en resistente cristal y con tap\u00f3n a rosca de bamb\u00fa. Incluye una funda de suave fieltro RPET con pr\u00e1ctica asa de transporte. Libre de BPA y apto para lavavajillas.<\/p>\n<p>El fieltro RPET reciclado es fruto de la combinaci\u00f3n del proceso de reciclaje de materiales pl\u00e1sticos junto a la t\u00e9cnica milenaria de fabricaci\u00f3n del fieltro, dando como resultado un material de eco-tendencia que, adem\u00e1s de ser de origen reciclado, tambi\u00e9n se convierte en reciclable.<\/p>\n","protected":false},"featured_media":58228,"template":"","meta":{"_acf_changed":false},"product_brand":[],"product_cat":[233,234,30],"product_tag":[],"class_list":{"0":"post-58182","1":"product","2":"type-product","3":"status-publish","4":"has-post-thumbnail","6":"product_cat-botellas-personalizadas","7":"product_cat-botellas-reutilizables","8":"product_cat-tazas-y-botellas","10":"first","11":"instock","12":"taxable","13":"shipping-taxable","14":"purchasable","15":"product-type-simple"},"acf":[],"_links":{"self":[{"href":"https:\/\/rubi5.com\/staging\/wp-json\/wp\/v2\/product\/58182","targetHints":{"allow":["GET"]}}],"collection":[{"href":"https:\/\/rubi5.com\/staging\/wp-json\/wp\/v2\/product"}],"about":[{"href":"https:\/\/rubi5.com\/staging\/wp-json\/wp\/v2\/types\/product"}],"version-history":[{"count":3,"href":"https:\/\/rubi5.com\/staging\/wp-json\/wp\/v2\/product\/58182\/revisions"}],"predecessor-version":[{"id":61196,"href":"https:\/\/rubi5.com\/staging\/wp-json\/wp\/v2\/product\/58182\/revisions\/61196"}],"wp:featuredmedia":[{"embeddable":true,"href":"https:\/\/rubi5.com\/staging\/wp-json\/wp\/v2\/media\/58228"}],"wp:attachment":[{"href":"https:\/\/rubi5.com\/staging\/wp-json\/wp\/v2\/media?parent=58182"}],"wp:term":[{"taxonomy":"product_brand","embeddable":true,"href":"https:\/\/rubi5.com\/staging\/wp-json\/wp\/v2\/product_brand?post=58182"},{"taxonomy":"product_cat","embeddable":true,"href":"https:\/\/rubi5.com\/staging\/wp-json\/wp\/v2\/product_cat?post=58182"},{"taxonomy":"product_tag","embeddable":true,"href":"https:\/\/rubi5.com\/staging\/wp-json\/wp\/v2\/product_tag?post=58182"}],"curies":[{"name":"wp","href":"https:\/\/api.w.org\/{rel}","templated":true}]}}