{"id":58191,"date":"2023-10-02T14:00:39","date_gmt":"2023-10-02T12:00:39","guid":{"rendered":"https:\/\/rubi5.com\/?post_type=product&#038;p=58191"},"modified":"2026-01-20T19:11:08","modified_gmt":"2026-01-20T17:11:08","slug":"libreta-de-trigo-con-boligrafo-fanny","status":"publish","type":"product","link":"https:\/\/rubi5.com\/staging\/libreta-de-trigo-con-boligrafo-fanny\/","title":{"rendered":"Libreta de trigo con bol\u00edgrafo Fanny"},"content":{"rendered":"","protected":false},"excerpt":{"rendered":"<p>Bloc de notas de anillas con tapas de ca\u00f1a de trigo y con un bol\u00edgrafo a juego, fabricado tambi\u00e9n en ca\u00f1a de trigo.<\/p>\n<p>Incluye 70 hojas a rayas. Libreta de tama\u00f1o peque\u00f1o, con el\u00e1stico negro para cerrar la libreta, y para sujetar el bol\u00edgrafo a la libreta.<\/p>\n<p>Tama\u00f1o libreta: 10 x 14 x 1.5 cm<\/p>\n<p>Bol\u00edgrafo de mecanismo pulsador con tinta azul.<\/p>\n<p>Elige este modelo de libreta y tendr\u00e1s un regalo personalizado que fomente la utilizaci\u00f3n de materias primas naturales como es la ca\u00f1a de trigo con la que se fabrica esta libreta y su bol\u00edgrafo a juego.<\/p>\n","protected":false},"featured_media":58227,"template":"","meta":{"_acf_changed":false},"product_brand":[],"product_cat":[935,933,247,33],"product_tag":[],"class_list":{"0":"post-58191","1":"product","2":"type-product","3":"status-publish","4":"has-post-thumbnail","6":"product_cat-libretas-a6","7":"product_cat-libretas-ecologicas","8":"product_cat-libretas-personalizadas","9":"product_cat-oficina","11":"first","12":"instock","13":"taxable","14":"shipping-taxable","15":"purchasable","16":"product-type-simple"},"acf":[],"_links":{"self":[{"href":"https:\/\/rubi5.com\/staging\/wp-json\/wp\/v2\/product\/58191","targetHints":{"allow":["GET"]}}],"collection":[{"href":"https:\/\/rubi5.com\/staging\/wp-json\/wp\/v2\/product"}],"about":[{"href":"https:\/\/rubi5.com\/staging\/wp-json\/wp\/v2\/types\/product"}],"version-history":[{"count":1,"href":"https:\/\/rubi5.com\/staging\/wp-json\/wp\/v2\/product\/58191\/revisions"}],"predecessor-version":[{"id":58196,"href":"https:\/\/rubi5.com\/staging\/wp-json\/wp\/v2\/product\/58191\/revisions\/58196"}],"wp:featuredmedia":[{"embeddable":true,"href":"https:\/\/rubi5.com\/staging\/wp-json\/wp\/v2\/media\/58227"}],"wp:attachment":[{"href":"https:\/\/rubi5.com\/staging\/wp-json\/wp\/v2\/media?parent=58191"}],"wp:term":[{"taxonomy":"product_brand","embeddable":true,"href":"https:\/\/rubi5.com\/staging\/wp-json\/wp\/v2\/product_brand?post=58191"},{"taxonomy":"product_cat","embeddable":true,"href":"https:\/\/rubi5.com\/staging\/wp-json\/wp\/v2\/product_cat?post=58191"},{"taxonomy":"product_tag","embeddable":true,"href":"https:\/\/rubi5.com\/staging\/wp-json\/wp\/v2\/product_tag?post=58191"}],"curies":[{"name":"wp","href":"https:\/\/api.w.org\/{rel}","templated":true}]}}