{"id":58197,"date":"2023-10-02T14:52:48","date_gmt":"2023-10-02T12:52:48","guid":{"rendered":"https:\/\/rubi5.com\/?post_type=product&#038;p=58197"},"modified":"2026-01-20T19:13:44","modified_gmt":"2026-01-20T17:13:44","slug":"boligrafo-y-lapiz-eterno-2-en-1","status":"publish","type":"product","link":"https:\/\/rubi5.com\/staging\/boligrafo-y-lapiz-eterno-2-en-1\/","title":{"rendered":"Bol\u00edgrafo y l\u00e1piz eterno 2 en 1"},"content":{"rendered":"","protected":false},"excerpt":{"rendered":"<p>Bol\u00edgrafo con l\u00e1piz eterno. Un bol\u00edgrafo 2 en 1 con cierre de capucha. En un extremo tendr\u00e1s un bol\u00edgrafo de tinta azul y carga jumbo. Y un l\u00e1piz eterno en el otro extremo. As\u00ed usar\u00e1s siempre el mismo l\u00e1piz y no generar\u00e1s residuos, gracias a que no hay que sacarle punta. Cuerpo en resistente ABS de acabado metalizado.<\/p>\n","protected":false},"featured_media":58225,"template":"","meta":{"_acf_changed":false},"product_brand":[],"product_cat":[723,317,43],"product_tag":[],"class_list":{"0":"post-58197","1":"product","2":"type-product","3":"status-publish","4":"has-post-thumbnail","6":"product_cat-boligrafos-baratos","7":"product_cat-boligrafos-personalizados","8":"product_cat-escritura","10":"first","11":"instock","12":"taxable","13":"shipping-taxable","14":"purchasable","15":"product-type-variable"},"acf":[],"_links":{"self":[{"href":"https:\/\/rubi5.com\/staging\/wp-json\/wp\/v2\/product\/58197","targetHints":{"allow":["GET"]}}],"collection":[{"href":"https:\/\/rubi5.com\/staging\/wp-json\/wp\/v2\/product"}],"about":[{"href":"https:\/\/rubi5.com\/staging\/wp-json\/wp\/v2\/types\/product"}],"version-history":[{"count":1,"href":"https:\/\/rubi5.com\/staging\/wp-json\/wp\/v2\/product\/58197\/revisions"}],"predecessor-version":[{"id":58215,"href":"https:\/\/rubi5.com\/staging\/wp-json\/wp\/v2\/product\/58197\/revisions\/58215"}],"wp:featuredmedia":[{"embeddable":true,"href":"https:\/\/rubi5.com\/staging\/wp-json\/wp\/v2\/media\/58225"}],"wp:attachment":[{"href":"https:\/\/rubi5.com\/staging\/wp-json\/wp\/v2\/media?parent=58197"}],"wp:term":[{"taxonomy":"product_brand","embeddable":true,"href":"https:\/\/rubi5.com\/staging\/wp-json\/wp\/v2\/product_brand?post=58197"},{"taxonomy":"product_cat","embeddable":true,"href":"https:\/\/rubi5.com\/staging\/wp-json\/wp\/v2\/product_cat?post=58197"},{"taxonomy":"product_tag","embeddable":true,"href":"https:\/\/rubi5.com\/staging\/wp-json\/wp\/v2\/product_tag?post=58197"}],"curies":[{"name":"wp","href":"https:\/\/api.w.org\/{rel}","templated":true}]}}