{"id":58216,"date":"2023-10-03T10:14:01","date_gmt":"2023-10-03T08:14:01","guid":{"rendered":"https:\/\/rubi5.com\/?post_type=product&#038;p=58216"},"modified":"2026-01-20T19:11:07","modified_gmt":"2026-01-20T17:11:07","slug":"set-de-3-marcadores-fluorescentes","status":"publish","type":"product","link":"https:\/\/rubi5.com\/staging\/set-de-3-marcadores-fluorescentes\/","title":{"rendered":"Set de 3 marcadores fluorescentes"},"content":{"rendered":"","protected":false},"excerpt":{"rendered":"<p>Un set de marcadores fluorescentes que podr\u00e1s personalizar con tu logo en la tapa, o en uno de los rotuladores. \u00a1T\u00fa eliges!<\/p>\n<p>Estos marcadores incluyen tres colores: Amarillo, verde y rosa fluorescente.<\/p>\n<p>Presentado en un bote transparente con una tapa blanca de rosca, que tiene una superficie lisa perfecta para marcaje.<\/p>\n<p>La ca\u00f1a de trigo fomenta la utilizaci\u00f3n de materias primas naturales, reduciendo as\u00ed las emisiones contaminantes.<\/p>\n","protected":false},"featured_media":62327,"template":"","meta":{"_acf_changed":false},"product_brand":[],"product_cat":[323,43,33],"product_tag":[],"class_list":{"0":"post-58216","1":"product","2":"type-product","3":"status-publish","4":"has-post-thumbnail","6":"product_cat-marcadores-fluorescentes","7":"product_cat-escritura","8":"product_cat-oficina","10":"first","11":"instock","12":"taxable","13":"shipping-taxable","14":"purchasable","15":"product-type-simple"},"acf":[],"_links":{"self":[{"href":"https:\/\/rubi5.com\/staging\/wp-json\/wp\/v2\/product\/58216","targetHints":{"allow":["GET"]}}],"collection":[{"href":"https:\/\/rubi5.com\/staging\/wp-json\/wp\/v2\/product"}],"about":[{"href":"https:\/\/rubi5.com\/staging\/wp-json\/wp\/v2\/types\/product"}],"version-history":[{"count":1,"href":"https:\/\/rubi5.com\/staging\/wp-json\/wp\/v2\/product\/58216\/revisions"}],"predecessor-version":[{"id":58247,"href":"https:\/\/rubi5.com\/staging\/wp-json\/wp\/v2\/product\/58216\/revisions\/58247"}],"wp:featuredmedia":[{"embeddable":true,"href":"https:\/\/rubi5.com\/staging\/wp-json\/wp\/v2\/media\/62327"}],"wp:attachment":[{"href":"https:\/\/rubi5.com\/staging\/wp-json\/wp\/v2\/media?parent=58216"}],"wp:term":[{"taxonomy":"product_brand","embeddable":true,"href":"https:\/\/rubi5.com\/staging\/wp-json\/wp\/v2\/product_brand?post=58216"},{"taxonomy":"product_cat","embeddable":true,"href":"https:\/\/rubi5.com\/staging\/wp-json\/wp\/v2\/product_cat?post=58216"},{"taxonomy":"product_tag","embeddable":true,"href":"https:\/\/rubi5.com\/staging\/wp-json\/wp\/v2\/product_tag?post=58216"}],"curies":[{"name":"wp","href":"https:\/\/api.w.org\/{rel}","templated":true}]}}