{"id":58248,"date":"2023-10-03T11:03:28","date_gmt":"2023-10-03T09:03:28","guid":{"rendered":"https:\/\/rubi5.com\/?post_type=product&#038;p=58248"},"modified":"2026-01-20T03:12:13","modified_gmt":"2026-01-20T01:12:13","slug":"libreta-de-anillas-con-boligrafo-ecologico","status":"publish","type":"product","link":"https:\/\/rubi5.com\/staging\/libreta-de-anillas-con-boligrafo-ecologico\/","title":{"rendered":"Libreta de anillas con bol\u00edgrafo ecol\u00f3gico"},"content":{"rendered":"","protected":false},"excerpt":{"rendered":"<p>Libreta de anillas con bol\u00edgrafo ecol\u00f3gico a juego.<\/p>\n<p>Libreta de anillas con tapas duras en ca\u00f1a de trigo y soporte para el bol\u00edgrafo. De 80 hojas con dise\u00f1o eco y disposici\u00f3n a una raya.<\/p>\n<p>Bol\u00edgrafo de mecanismo pulsador, con cuerpo en ca\u00f1a de trigo y tinta azul. Con distintivo Wheat Straw.<\/p>\n<p>Presentado en bolsa individual reciclada.<\/p>\n","protected":false},"featured_media":58252,"template":"","meta":{"_acf_changed":false},"product_brand":[],"product_cat":[932,247,33],"product_tag":[],"class_list":{"0":"post-58248","1":"product","2":"type-product","3":"status-publish","4":"has-post-thumbnail","6":"product_cat-libretas-de-anillas","7":"product_cat-libretas-personalizadas","8":"product_cat-oficina","10":"first","11":"instock","12":"taxable","13":"shipping-taxable","14":"purchasable","15":"product-type-simple"},"acf":[],"_links":{"self":[{"href":"https:\/\/rubi5.com\/staging\/wp-json\/wp\/v2\/product\/58248","targetHints":{"allow":["GET"]}}],"collection":[{"href":"https:\/\/rubi5.com\/staging\/wp-json\/wp\/v2\/product"}],"about":[{"href":"https:\/\/rubi5.com\/staging\/wp-json\/wp\/v2\/types\/product"}],"version-history":[{"count":2,"href":"https:\/\/rubi5.com\/staging\/wp-json\/wp\/v2\/product\/58248\/revisions"}],"predecessor-version":[{"id":61199,"href":"https:\/\/rubi5.com\/staging\/wp-json\/wp\/v2\/product\/58248\/revisions\/61199"}],"wp:featuredmedia":[{"embeddable":true,"href":"https:\/\/rubi5.com\/staging\/wp-json\/wp\/v2\/media\/58252"}],"wp:attachment":[{"href":"https:\/\/rubi5.com\/staging\/wp-json\/wp\/v2\/media?parent=58248"}],"wp:term":[{"taxonomy":"product_brand","embeddable":true,"href":"https:\/\/rubi5.com\/staging\/wp-json\/wp\/v2\/product_brand?post=58248"},{"taxonomy":"product_cat","embeddable":true,"href":"https:\/\/rubi5.com\/staging\/wp-json\/wp\/v2\/product_cat?post=58248"},{"taxonomy":"product_tag","embeddable":true,"href":"https:\/\/rubi5.com\/staging\/wp-json\/wp\/v2\/product_tag?post=58248"}],"curies":[{"name":"wp","href":"https:\/\/api.w.org\/{rel}","templated":true}]}}