{"id":58260,"date":"2023-10-04T08:48:50","date_gmt":"2023-10-04T06:48:50","guid":{"rendered":"https:\/\/rubi5.com\/?post_type=product&#038;p=58260"},"modified":"2026-01-20T03:12:11","modified_gmt":"2026-01-20T01:12:11","slug":"lapiz-navidad-con-goma","status":"publish","type":"product","link":"https:\/\/rubi5.com\/staging\/lapiz-navidad-con-goma\/","title":{"rendered":"L\u00e1piz navidad con goma"},"content":{"rendered":"","protected":false},"excerpt":{"rendered":"<p>L\u00e1piz de madera con dise\u00f1o navide\u00f1o, en color blanco y de acabado brillo. Con goma de borrar en diferentes modelos navide\u00f1os. Podr\u00e1s elegir entre \u00e1rboles de navidad, mu\u00f1ecos de nieve o llevar a Pap\u00e1 Noel encima del lapicero. \u00a1T\u00fa eliges! Podr\u00e1s combinarlos como quieras, y entregar a tus clientes un l\u00e1piz al azar. \u00a1Ser\u00e1 m\u00e1s divertido!<\/p>\n<p>Mina negra y punta sin afilar.<\/p>\n","protected":false},"featured_media":58308,"template":"","meta":{"_acf_changed":false},"product_brand":[],"product_cat":[920,43,324,980,967],"product_tag":[],"class_list":{"0":"post-58260","1":"product","2":"type-product","3":"status-publish","4":"has-post-thumbnail","6":"product_cat-lapiceros-originales","7":"product_cat-escritura","8":"product_cat-lapiceros-personalizados","9":"product_cat-mas-regalos","10":"product_cat-regalos-de-navidad","12":"first","13":"instock","14":"taxable","15":"shipping-taxable","16":"purchasable","17":"product-type-variable"},"acf":[],"_links":{"self":[{"href":"https:\/\/rubi5.com\/staging\/wp-json\/wp\/v2\/product\/58260","targetHints":{"allow":["GET"]}}],"collection":[{"href":"https:\/\/rubi5.com\/staging\/wp-json\/wp\/v2\/product"}],"about":[{"href":"https:\/\/rubi5.com\/staging\/wp-json\/wp\/v2\/types\/product"}],"version-history":[{"count":1,"href":"https:\/\/rubi5.com\/staging\/wp-json\/wp\/v2\/product\/58260\/revisions"}],"predecessor-version":[{"id":58309,"href":"https:\/\/rubi5.com\/staging\/wp-json\/wp\/v2\/product\/58260\/revisions\/58309"}],"wp:featuredmedia":[{"embeddable":true,"href":"https:\/\/rubi5.com\/staging\/wp-json\/wp\/v2\/media\/58308"}],"wp:attachment":[{"href":"https:\/\/rubi5.com\/staging\/wp-json\/wp\/v2\/media?parent=58260"}],"wp:term":[{"taxonomy":"product_brand","embeddable":true,"href":"https:\/\/rubi5.com\/staging\/wp-json\/wp\/v2\/product_brand?post=58260"},{"taxonomy":"product_cat","embeddable":true,"href":"https:\/\/rubi5.com\/staging\/wp-json\/wp\/v2\/product_cat?post=58260"},{"taxonomy":"product_tag","embeddable":true,"href":"https:\/\/rubi5.com\/staging\/wp-json\/wp\/v2\/product_tag?post=58260"}],"curies":[{"name":"wp","href":"https:\/\/api.w.org\/{rel}","templated":true}]}}