{"id":58297,"date":"2023-10-04T08:29:08","date_gmt":"2023-10-04T06:29:08","guid":{"rendered":"https:\/\/rubi5.com\/?post_type=product&#038;p=58297"},"modified":"2026-01-20T03:12:11","modified_gmt":"2026-01-20T01:12:11","slug":"libreta-navidena-de-bambu","status":"publish","type":"product","link":"https:\/\/rubi5.com\/staging\/libreta-navidena-de-bambu\/","title":{"rendered":"Libreta navide\u00f1a de bamb\u00fa"},"content":{"rendered":"","protected":false},"excerpt":{"rendered":"<p>Libreta de bamb\u00fa con dise\u00f1o navide\u00f1o, con un detalle de madera en la portada con las palabras &#8220;Merry Christmas&#8221;. Una libreta de anillas con tapas r\u00edgidas de bamb\u00fa y original cierre el\u00e1stico. Contiene 80 hojas, todas ellas ecol\u00f3gicas, hechas con papel reciclado, y con su distintivo eco correspondiente en cada p\u00e1gina.<\/p>\n","protected":false},"featured_media":58301,"template":"","meta":{"_acf_changed":false},"product_brand":[],"product_cat":[985,980,967],"product_tag":[],"class_list":{"0":"post-58297","1":"product","2":"type-product","3":"status-publish","4":"has-post-thumbnail","6":"product_cat-libretas-navidenas","7":"product_cat-mas-regalos","8":"product_cat-regalos-de-navidad","10":"first","11":"instock","12":"taxable","13":"shipping-taxable","14":"purchasable","15":"product-type-simple"},"acf":[],"_links":{"self":[{"href":"https:\/\/rubi5.com\/staging\/wp-json\/wp\/v2\/product\/58297","targetHints":{"allow":["GET"]}}],"collection":[{"href":"https:\/\/rubi5.com\/staging\/wp-json\/wp\/v2\/product"}],"about":[{"href":"https:\/\/rubi5.com\/staging\/wp-json\/wp\/v2\/types\/product"}],"version-history":[{"count":1,"href":"https:\/\/rubi5.com\/staging\/wp-json\/wp\/v2\/product\/58297\/revisions"}],"predecessor-version":[{"id":58303,"href":"https:\/\/rubi5.com\/staging\/wp-json\/wp\/v2\/product\/58297\/revisions\/58303"}],"wp:featuredmedia":[{"embeddable":true,"href":"https:\/\/rubi5.com\/staging\/wp-json\/wp\/v2\/media\/58301"}],"wp:attachment":[{"href":"https:\/\/rubi5.com\/staging\/wp-json\/wp\/v2\/media?parent=58297"}],"wp:term":[{"taxonomy":"product_brand","embeddable":true,"href":"https:\/\/rubi5.com\/staging\/wp-json\/wp\/v2\/product_brand?post=58297"},{"taxonomy":"product_cat","embeddable":true,"href":"https:\/\/rubi5.com\/staging\/wp-json\/wp\/v2\/product_cat?post=58297"},{"taxonomy":"product_tag","embeddable":true,"href":"https:\/\/rubi5.com\/staging\/wp-json\/wp\/v2\/product_tag?post=58297"}],"curies":[{"name":"wp","href":"https:\/\/api.w.org\/{rel}","templated":true}]}}