{"id":58316,"date":"2023-10-04T08:50:00","date_gmt":"2023-10-04T06:50:00","guid":{"rendered":"https:\/\/rubi5.com\/?post_type=product&#038;p=58316"},"modified":"2026-01-20T03:12:09","modified_gmt":"2026-01-20T01:12:09","slug":"libreta-navidad-carton-reciclado","status":"publish","type":"product","link":"https:\/\/rubi5.com\/staging\/libreta-navidad-carton-reciclado\/","title":{"rendered":"Libreta navidad cart\u00f3n reciclado"},"content":{"rendered":"","protected":false},"excerpt":{"rendered":"<p>Libreta de navidad de cart\u00f3n reciclado. Una libreta de anillas de l\u00ednea nature y dise\u00f1o navide\u00f1o, con tapas r\u00edgidas de cart\u00f3n reciclado. Incluye 80 hojas de papel reciclado a una raya y dise\u00f1o eco.<\/p>\n<p>Esta libreta es especial gracias a su original dise\u00f1o en la portada, donde encontrar\u00e1s un detalle en madera con la frase Merry Christmas. Ideal para regalar en estas fechas tan especiales.<\/p>\n","protected":false},"featured_media":58318,"template":"","meta":{"_acf_changed":false},"product_brand":[],"product_cat":[985,980,967],"product_tag":[],"class_list":{"0":"post-58316","1":"product","2":"type-product","3":"status-publish","4":"has-post-thumbnail","6":"product_cat-libretas-navidenas","7":"product_cat-mas-regalos","8":"product_cat-regalos-de-navidad","10":"first","11":"instock","12":"taxable","13":"shipping-taxable","14":"purchasable","15":"product-type-simple"},"acf":[],"_links":{"self":[{"href":"https:\/\/rubi5.com\/staging\/wp-json\/wp\/v2\/product\/58316","targetHints":{"allow":["GET"]}}],"collection":[{"href":"https:\/\/rubi5.com\/staging\/wp-json\/wp\/v2\/product"}],"about":[{"href":"https:\/\/rubi5.com\/staging\/wp-json\/wp\/v2\/types\/product"}],"version-history":[{"count":1,"href":"https:\/\/rubi5.com\/staging\/wp-json\/wp\/v2\/product\/58316\/revisions"}],"predecessor-version":[{"id":58321,"href":"https:\/\/rubi5.com\/staging\/wp-json\/wp\/v2\/product\/58316\/revisions\/58321"}],"wp:featuredmedia":[{"embeddable":true,"href":"https:\/\/rubi5.com\/staging\/wp-json\/wp\/v2\/media\/58318"}],"wp:attachment":[{"href":"https:\/\/rubi5.com\/staging\/wp-json\/wp\/v2\/media?parent=58316"}],"wp:term":[{"taxonomy":"product_brand","embeddable":true,"href":"https:\/\/rubi5.com\/staging\/wp-json\/wp\/v2\/product_brand?post=58316"},{"taxonomy":"product_cat","embeddable":true,"href":"https:\/\/rubi5.com\/staging\/wp-json\/wp\/v2\/product_cat?post=58316"},{"taxonomy":"product_tag","embeddable":true,"href":"https:\/\/rubi5.com\/staging\/wp-json\/wp\/v2\/product_tag?post=58316"}],"curies":[{"name":"wp","href":"https:\/\/api.w.org\/{rel}","templated":true}]}}