{"id":58322,"date":"2023-10-04T09:38:24","date_gmt":"2023-10-04T07:38:24","guid":{"rendered":"https:\/\/rubi5.com\/?post_type=product&#038;p=58322"},"modified":"2026-01-20T03:12:09","modified_gmt":"2026-01-20T01:12:09","slug":"vela-aromatica-con-tapa-de-bambu","status":"publish","type":"product","link":"https:\/\/rubi5.com\/staging\/vela-aromatica-con-tapa-de-bambu\/","title":{"rendered":"Vela arom\u00e1tica con tapa de bamb\u00fa"},"content":{"rendered":"","protected":false},"excerpt":{"rendered":"<p>Descubre esta nueva vela arom\u00e1tica con aroma a vainilla. D\u00e9jate envolver por ese aroma dulce que dejar\u00e1 por todo el sal\u00f3n. Un regalo perfecto para perfumer\u00edas, pero tambi\u00e9n para cualquier establecimiento que quiera dar a sus clientes una forma f\u00e1cil de desconectar y relajarse en casa.<\/p>\n<p>El tarro est\u00e1 fabricado en cristal, con una tapa de bamb\u00fa que podr\u00e1s personalizar con el nombre de tu empresa o con un mensaje especial que quieras transmitir a tus clientes.<\/p>\n<p>Presentada en atractiva caja individual de dise\u00f1o eco, para regalar a cada uno de tus clientes en su pr\u00f3xima visita.<\/p>\n","protected":false},"featured_media":58323,"template":"","meta":{"_acf_changed":false},"product_brand":[],"product_cat":[972,980,967,187],"product_tag":[],"class_list":{"0":"post-58322","1":"product","2":"type-product","3":"status-publish","4":"has-post-thumbnail","6":"product_cat-velas-aromaticas","7":"product_cat-mas-regalos","8":"product_cat-regalos-de-navidad","9":"product_cat-salud-y-bienestar","11":"first","12":"instock","13":"taxable","14":"shipping-taxable","15":"purchasable","16":"product-type-simple"},"acf":[],"_links":{"self":[{"href":"https:\/\/rubi5.com\/staging\/wp-json\/wp\/v2\/product\/58322","targetHints":{"allow":["GET"]}}],"collection":[{"href":"https:\/\/rubi5.com\/staging\/wp-json\/wp\/v2\/product"}],"about":[{"href":"https:\/\/rubi5.com\/staging\/wp-json\/wp\/v2\/types\/product"}],"version-history":[{"count":2,"href":"https:\/\/rubi5.com\/staging\/wp-json\/wp\/v2\/product\/58322\/revisions"}],"predecessor-version":[{"id":61249,"href":"https:\/\/rubi5.com\/staging\/wp-json\/wp\/v2\/product\/58322\/revisions\/61249"}],"wp:featuredmedia":[{"embeddable":true,"href":"https:\/\/rubi5.com\/staging\/wp-json\/wp\/v2\/media\/58323"}],"wp:attachment":[{"href":"https:\/\/rubi5.com\/staging\/wp-json\/wp\/v2\/media?parent=58322"}],"wp:term":[{"taxonomy":"product_brand","embeddable":true,"href":"https:\/\/rubi5.com\/staging\/wp-json\/wp\/v2\/product_brand?post=58322"},{"taxonomy":"product_cat","embeddable":true,"href":"https:\/\/rubi5.com\/staging\/wp-json\/wp\/v2\/product_cat?post=58322"},{"taxonomy":"product_tag","embeddable":true,"href":"https:\/\/rubi5.com\/staging\/wp-json\/wp\/v2\/product_tag?post=58322"}],"curies":[{"name":"wp","href":"https:\/\/api.w.org\/{rel}","templated":true}]}}