{"id":58363,"date":"2023-10-04T12:09:00","date_gmt":"2023-10-04T10:09:00","guid":{"rendered":"https:\/\/rubi5.com\/?post_type=product&#038;p=58363"},"modified":"2026-01-20T03:12:08","modified_gmt":"2026-01-20T01:12:08","slug":"bolsa-yute-con-bolsillo-de-algodon","status":"publish","type":"product","link":"https:\/\/rubi5.com\/staging\/bolsa-yute-con-bolsillo-de-algodon\/","title":{"rendered":"Bolsa yute con bolsillo de algod\u00f3n"},"content":{"rendered":"","protected":false},"excerpt":{"rendered":"<p>Bolsa de yute con bolsillo frontal de algod\u00f3n. Una bolsa de tama\u00f1o grande, con una resistencia de hasta 10 kg de peso. Con asas de algod\u00f3n largas en color blanco y reforzadas. La bolsa tiene fuelle para tener m\u00e1s capacidad a la hora de guardar cosas para llevar a la playa o para ir a la compra y no necesitar m\u00e1s de una bolsa.<\/p>\n<p><strong>Medidas: 48 x 35 x 15 cm<\/strong><\/p>\n","protected":false},"featured_media":58383,"template":"","meta":{"_acf_changed":false},"product_brand":[],"product_cat":[971,196,21],"product_tag":[],"class_list":{"0":"post-58363","1":"product","2":"type-product","3":"status-publish","4":"has-post-thumbnail","6":"product_cat-bolsas-de-yute","7":"product_cat-bolsas-personalizadas","8":"product_cat-bolsas-y-mochilas","10":"first","11":"instock","12":"taxable","13":"shipping-taxable","14":"purchasable","15":"product-type-simple"},"acf":[],"_links":{"self":[{"href":"https:\/\/rubi5.com\/staging\/wp-json\/wp\/v2\/product\/58363","targetHints":{"allow":["GET"]}}],"collection":[{"href":"https:\/\/rubi5.com\/staging\/wp-json\/wp\/v2\/product"}],"about":[{"href":"https:\/\/rubi5.com\/staging\/wp-json\/wp\/v2\/types\/product"}],"version-history":[{"count":4,"href":"https:\/\/rubi5.com\/staging\/wp-json\/wp\/v2\/product\/58363\/revisions"}],"predecessor-version":[{"id":60239,"href":"https:\/\/rubi5.com\/staging\/wp-json\/wp\/v2\/product\/58363\/revisions\/60239"}],"wp:featuredmedia":[{"embeddable":true,"href":"https:\/\/rubi5.com\/staging\/wp-json\/wp\/v2\/media\/58383"}],"wp:attachment":[{"href":"https:\/\/rubi5.com\/staging\/wp-json\/wp\/v2\/media?parent=58363"}],"wp:term":[{"taxonomy":"product_brand","embeddable":true,"href":"https:\/\/rubi5.com\/staging\/wp-json\/wp\/v2\/product_brand?post=58363"},{"taxonomy":"product_cat","embeddable":true,"href":"https:\/\/rubi5.com\/staging\/wp-json\/wp\/v2\/product_cat?post=58363"},{"taxonomy":"product_tag","embeddable":true,"href":"https:\/\/rubi5.com\/staging\/wp-json\/wp\/v2\/product_tag?post=58363"}],"curies":[{"name":"wp","href":"https:\/\/api.w.org\/{rel}","templated":true}]}}