{"id":58421,"date":"2023-10-04T14:35:52","date_gmt":"2023-10-04T12:35:52","guid":{"rendered":"https:\/\/rubi5.com\/?post_type=product&#038;p=58421"},"modified":"2026-01-19T03:11:14","modified_gmt":"2026-01-19T01:11:14","slug":"bolsa-termica-de-yute-y-algodon","status":"publish","type":"product","link":"https:\/\/rubi5.com\/staging\/bolsa-termica-de-yute-y-algodon\/","title":{"rendered":"Bolsa t\u00e9rmica de yute y algod\u00f3n"},"content":{"rendered":"","protected":false},"excerpt":{"rendered":"<p>Bolsa t\u00e9rmica en resistente material 100% algod\u00f3n de 225g\/m2, con parte superior en yute laminado y asas de algod\u00f3n reforzadas para un agarre firme y seguro. Con un compartimento principal con cierre de cremallera y tirador met\u00e1lico.<\/p>\n<p>Su interior isot\u00e9rmico de aluminio, permite que se mantenga refrigerado lo que guardes en la bolsa. Resiste hasta 7kg de peso.<\/p>\n","protected":false},"featured_media":62842,"template":"","meta":{"_acf_changed":false},"product_brand":[],"product_cat":[971,196,21],"product_tag":[],"class_list":{"0":"post-58421","1":"product","2":"type-product","3":"status-publish","4":"has-post-thumbnail","6":"product_cat-bolsas-de-yute","7":"product_cat-bolsas-personalizadas","8":"product_cat-bolsas-y-mochilas","10":"first","11":"instock","12":"taxable","13":"shipping-taxable","14":"purchasable","15":"product-type-simple"},"acf":[],"_links":{"self":[{"href":"https:\/\/rubi5.com\/staging\/wp-json\/wp\/v2\/product\/58421","targetHints":{"allow":["GET"]}}],"collection":[{"href":"https:\/\/rubi5.com\/staging\/wp-json\/wp\/v2\/product"}],"about":[{"href":"https:\/\/rubi5.com\/staging\/wp-json\/wp\/v2\/types\/product"}],"version-history":[{"count":3,"href":"https:\/\/rubi5.com\/staging\/wp-json\/wp\/v2\/product\/58421\/revisions"}],"predecessor-version":[{"id":60234,"href":"https:\/\/rubi5.com\/staging\/wp-json\/wp\/v2\/product\/58421\/revisions\/60234"}],"wp:featuredmedia":[{"embeddable":true,"href":"https:\/\/rubi5.com\/staging\/wp-json\/wp\/v2\/media\/62842"}],"wp:attachment":[{"href":"https:\/\/rubi5.com\/staging\/wp-json\/wp\/v2\/media?parent=58421"}],"wp:term":[{"taxonomy":"product_brand","embeddable":true,"href":"https:\/\/rubi5.com\/staging\/wp-json\/wp\/v2\/product_brand?post=58421"},{"taxonomy":"product_cat","embeddable":true,"href":"https:\/\/rubi5.com\/staging\/wp-json\/wp\/v2\/product_cat?post=58421"},{"taxonomy":"product_tag","embeddable":true,"href":"https:\/\/rubi5.com\/staging\/wp-json\/wp\/v2\/product_tag?post=58421"}],"curies":[{"name":"wp","href":"https:\/\/api.w.org\/{rel}","templated":true}]}}