{"id":59025,"date":"2023-10-25T09:43:17","date_gmt":"2023-10-25T07:43:17","guid":{"rendered":"https:\/\/rubi5.com\/?post_type=product&#038;p=59025"},"modified":"2026-01-19T03:11:13","modified_gmt":"2026-01-19T01:11:13","slug":"vela-aromatica-lonka","status":"publish","type":"product","link":"https:\/\/rubi5.com\/staging\/vela-aromatica-lonka\/","title":{"rendered":"Vela arom\u00e1tica Lonka"},"content":{"rendered":"","protected":false},"excerpt":{"rendered":"<p>Vela arom\u00e1tica en tarrito de cristal transl\u00facido, en diferentes colores, con un olor concreto para cada color. La tapa de bamb\u00fa tiene un agarre como de cuero, para levantar la tapa de una forma m\u00e1s c\u00f3moda.<\/p>\n<p>Presentada cada vela en caja individual de dise\u00f1o kraft.<\/p>\n<p>Disponible en cristal de variados colores y con distintos aromas seg\u00fan el color:<\/p>\n<p>Blanco aroma vainilla.<br \/>\nNegro aroma s\u00e1ndalo.<br \/>\nRojo aroma canela.<br \/>\nVerde aroma jazm\u00edn.<\/p>\n","protected":false},"featured_media":62063,"template":"","meta":{"_acf_changed":false},"product_brand":[],"product_cat":[187,972],"product_tag":[],"class_list":{"0":"post-59025","1":"product","2":"type-product","3":"status-publish","4":"has-post-thumbnail","6":"product_cat-salud-y-bienestar","7":"product_cat-velas-aromaticas","9":"first","10":"instock","11":"taxable","12":"shipping-taxable","13":"product-type-variable"},"acf":[],"_links":{"self":[{"href":"https:\/\/rubi5.com\/staging\/wp-json\/wp\/v2\/product\/59025","targetHints":{"allow":["GET"]}}],"collection":[{"href":"https:\/\/rubi5.com\/staging\/wp-json\/wp\/v2\/product"}],"about":[{"href":"https:\/\/rubi5.com\/staging\/wp-json\/wp\/v2\/types\/product"}],"version-history":[{"count":2,"href":"https:\/\/rubi5.com\/staging\/wp-json\/wp\/v2\/product\/59025\/revisions"}],"predecessor-version":[{"id":59037,"href":"https:\/\/rubi5.com\/staging\/wp-json\/wp\/v2\/product\/59025\/revisions\/59037"}],"wp:featuredmedia":[{"embeddable":true,"href":"https:\/\/rubi5.com\/staging\/wp-json\/wp\/v2\/media\/62063"}],"wp:attachment":[{"href":"https:\/\/rubi5.com\/staging\/wp-json\/wp\/v2\/media?parent=59025"}],"wp:term":[{"taxonomy":"product_brand","embeddable":true,"href":"https:\/\/rubi5.com\/staging\/wp-json\/wp\/v2\/product_brand?post=59025"},{"taxonomy":"product_cat","embeddable":true,"href":"https:\/\/rubi5.com\/staging\/wp-json\/wp\/v2\/product_cat?post=59025"},{"taxonomy":"product_tag","embeddable":true,"href":"https:\/\/rubi5.com\/staging\/wp-json\/wp\/v2\/product_tag?post=59025"}],"curies":[{"name":"wp","href":"https:\/\/api.w.org\/{rel}","templated":true}]}}