{"id":59135,"date":"2023-10-30T11:28:31","date_gmt":"2023-10-30T09:28:31","guid":{"rendered":"https:\/\/rubi5.com\/?post_type=product&#038;p=59135"},"modified":"2025-02-13T09:26:12","modified_gmt":"2025-02-13T07:26:12","slug":"bolsa-algodon-reciclado-extragrande","status":"publish","type":"product","link":"https:\/\/rubi5.com\/staging\/bolsa-algodon-reciclado-extragrande\/","title":{"rendered":"Bolsa algod\u00f3n reciclado extragrande"},"content":{"rendered":"","protected":false},"excerpt":{"rendered":"<p>Bolsa de algod\u00f3n reciclado de 160gr de tama\u00f1o extragrande. Las asas resistentes est\u00e1n disponibles en tres colores: rojo, negro y azul.<\/p>\n<p><strong>Medidas: 45 x 41 x 13 cm<\/strong><\/p>\n","protected":false},"featured_media":62844,"template":"","meta":{"_acf_changed":false},"product_brand":[],"product_cat":[219,196,21],"product_tag":[],"class_list":{"0":"post-59135","1":"product","2":"type-product","3":"status-publish","4":"has-post-thumbnail","6":"product_cat-bolsas-de-tela","7":"product_cat-bolsas-personalizadas","8":"product_cat-bolsas-y-mochilas","10":"first","11":"instock","12":"taxable","13":"shipping-taxable","14":"purchasable","15":"product-type-variable"},"acf":[],"_links":{"self":[{"href":"https:\/\/rubi5.com\/staging\/wp-json\/wp\/v2\/product\/59135","targetHints":{"allow":["GET"]}}],"collection":[{"href":"https:\/\/rubi5.com\/staging\/wp-json\/wp\/v2\/product"}],"about":[{"href":"https:\/\/rubi5.com\/staging\/wp-json\/wp\/v2\/types\/product"}],"version-history":[{"count":5,"href":"https:\/\/rubi5.com\/staging\/wp-json\/wp\/v2\/product\/59135\/revisions"}],"predecessor-version":[{"id":61355,"href":"https:\/\/rubi5.com\/staging\/wp-json\/wp\/v2\/product\/59135\/revisions\/61355"}],"wp:featuredmedia":[{"embeddable":true,"href":"https:\/\/rubi5.com\/staging\/wp-json\/wp\/v2\/media\/62844"}],"wp:attachment":[{"href":"https:\/\/rubi5.com\/staging\/wp-json\/wp\/v2\/media?parent=59135"}],"wp:term":[{"taxonomy":"product_brand","embeddable":true,"href":"https:\/\/rubi5.com\/staging\/wp-json\/wp\/v2\/product_brand?post=59135"},{"taxonomy":"product_cat","embeddable":true,"href":"https:\/\/rubi5.com\/staging\/wp-json\/wp\/v2\/product_cat?post=59135"},{"taxonomy":"product_tag","embeddable":true,"href":"https:\/\/rubi5.com\/staging\/wp-json\/wp\/v2\/product_tag?post=59135"}],"curies":[{"name":"wp","href":"https:\/\/api.w.org\/{rel}","templated":true}]}}