{"id":59152,"date":"2023-10-30T11:39:10","date_gmt":"2023-10-30T09:39:10","guid":{"rendered":"https:\/\/rubi5.com\/?post_type=product&#038;p=59152"},"modified":"2024-09-26T11:37:23","modified_gmt":"2024-09-26T09:37:23","slug":"bolsa-extragrande-de-algodon-reciclado","status":"publish","type":"product","link":"https:\/\/rubi5.com\/staging\/bolsa-extragrande-de-algodon-reciclado\/","title":{"rendered":"Bolsa extragrande de algod\u00f3n reciclado"},"content":{"rendered":"","protected":false},"excerpt":{"rendered":"<p>Bolsa de tama\u00f1o extragrande, realizada en algod\u00f3n reciclado 220 gr\/m2. Con un grosor perfecto para llevar toda la compra, y estar seguro de que no se te va a romper de camino a casa.<\/p>\n<p>Incluye un bolsillo interior para guardar el monedero o la cartera cuando vayas a la compra. Personal\u00edzala con el logo de tu empresa, y tendr\u00e1s una bolsa publicitaria de lo m\u00e1s pr\u00e1ctica.<\/p>\n<p>Incluye bolsillo interior (medida 19.5X25.5cm).<\/p>\n<p><strong>Medidas: 57 x 40 x 8 cm<\/strong><\/p>\n","protected":false},"featured_media":59153,"template":"","meta":{"_acf_changed":false},"product_brand":[],"product_cat":[219,196,21],"product_tag":[],"class_list":{"0":"post-59152","1":"product","2":"type-product","3":"status-publish","4":"has-post-thumbnail","6":"product_cat-bolsas-de-tela","7":"product_cat-bolsas-personalizadas","8":"product_cat-bolsas-y-mochilas","10":"first","11":"instock","12":"taxable","13":"shipping-taxable","14":"purchasable","15":"product-type-simple"},"acf":[],"_links":{"self":[{"href":"https:\/\/rubi5.com\/staging\/wp-json\/wp\/v2\/product\/59152","targetHints":{"allow":["GET"]}}],"collection":[{"href":"https:\/\/rubi5.com\/staging\/wp-json\/wp\/v2\/product"}],"about":[{"href":"https:\/\/rubi5.com\/staging\/wp-json\/wp\/v2\/types\/product"}],"version-history":[{"count":4,"href":"https:\/\/rubi5.com\/staging\/wp-json\/wp\/v2\/product\/59152\/revisions"}],"predecessor-version":[{"id":60229,"href":"https:\/\/rubi5.com\/staging\/wp-json\/wp\/v2\/product\/59152\/revisions\/60229"}],"wp:featuredmedia":[{"embeddable":true,"href":"https:\/\/rubi5.com\/staging\/wp-json\/wp\/v2\/media\/59153"}],"wp:attachment":[{"href":"https:\/\/rubi5.com\/staging\/wp-json\/wp\/v2\/media?parent=59152"}],"wp:term":[{"taxonomy":"product_brand","embeddable":true,"href":"https:\/\/rubi5.com\/staging\/wp-json\/wp\/v2\/product_brand?post=59152"},{"taxonomy":"product_cat","embeddable":true,"href":"https:\/\/rubi5.com\/staging\/wp-json\/wp\/v2\/product_cat?post=59152"},{"taxonomy":"product_tag","embeddable":true,"href":"https:\/\/rubi5.com\/staging\/wp-json\/wp\/v2\/product_tag?post=59152"}],"curies":[{"name":"wp","href":"https:\/\/api.w.org\/{rel}","templated":true}]}}