{"id":59199,"date":"2023-11-06T14:50:54","date_gmt":"2023-11-06T12:50:54","guid":{"rendered":"https:\/\/rubi5.com\/?post_type=product&#038;p=59199"},"modified":"2026-01-19T03:13:49","modified_gmt":"2026-01-19T01:13:49","slug":"bidon-aluminio-carthy-800-ml","status":"publish","type":"product","link":"https:\/\/rubi5.com\/staging\/bidon-aluminio-carthy-800-ml\/","title":{"rendered":"Bid\u00f3n aluminio Carthy 800 ml"},"content":{"rendered":"","protected":false},"excerpt":{"rendered":"<p>Bid\u00f3n de 800 ml de capacidad, fabricado en aluminio de acabado brillo. Tap\u00f3n en negro a rosca y con asa integrada, libre de BPA. Disponible en variada gama de colores y presentado en caja individual de dise\u00f1o kraft.<\/p>\n","protected":false},"featured_media":62086,"template":"","meta":{"_acf_changed":false},"product_brand":[],"product_cat":[233,234,30],"product_tag":[],"class_list":{"0":"post-59199","1":"product","2":"type-product","3":"status-publish","4":"has-post-thumbnail","6":"product_cat-botellas-personalizadas","7":"product_cat-botellas-reutilizables","8":"product_cat-tazas-y-botellas","10":"first","11":"instock","12":"taxable","13":"shipping-taxable","14":"purchasable","15":"product-type-variable"},"acf":[],"_links":{"self":[{"href":"https:\/\/rubi5.com\/staging\/wp-json\/wp\/v2\/product\/59199","targetHints":{"allow":["GET"]}}],"collection":[{"href":"https:\/\/rubi5.com\/staging\/wp-json\/wp\/v2\/product"}],"about":[{"href":"https:\/\/rubi5.com\/staging\/wp-json\/wp\/v2\/types\/product"}],"version-history":[{"count":4,"href":"https:\/\/rubi5.com\/staging\/wp-json\/wp\/v2\/product\/59199\/revisions"}],"predecessor-version":[{"id":59369,"href":"https:\/\/rubi5.com\/staging\/wp-json\/wp\/v2\/product\/59199\/revisions\/59369"}],"wp:featuredmedia":[{"embeddable":true,"href":"https:\/\/rubi5.com\/staging\/wp-json\/wp\/v2\/media\/62086"}],"wp:attachment":[{"href":"https:\/\/rubi5.com\/staging\/wp-json\/wp\/v2\/media?parent=59199"}],"wp:term":[{"taxonomy":"product_brand","embeddable":true,"href":"https:\/\/rubi5.com\/staging\/wp-json\/wp\/v2\/product_brand?post=59199"},{"taxonomy":"product_cat","embeddable":true,"href":"https:\/\/rubi5.com\/staging\/wp-json\/wp\/v2\/product_cat?post=59199"},{"taxonomy":"product_tag","embeddable":true,"href":"https:\/\/rubi5.com\/staging\/wp-json\/wp\/v2\/product_tag?post=59199"}],"curies":[{"name":"wp","href":"https:\/\/api.w.org\/{rel}","templated":true}]}}