{"id":59226,"date":"2023-11-07T15:54:08","date_gmt":"2023-11-07T13:54:08","guid":{"rendered":"https:\/\/rubi5.com\/?post_type=product&#038;p=59226"},"modified":"2026-01-19T03:13:49","modified_gmt":"2026-01-19T01:13:49","slug":"roller-parker-vector-xl","status":"publish","type":"product","link":"https:\/\/rubi5.com\/staging\/roller-parker-vector-xl\/","title":{"rendered":"Roller Parker Vector XL"},"content":{"rendered":"","protected":false},"excerpt":{"rendered":"<p>El Roller Parker Vector XL, es un elegante modelo de roller, fabricado en acero inox pulido, resaltado con un adorno cromado y con su inconfundible clip de la marca, en forma de punta de flecha en la capucha.<\/p>\n<p>Tinta negra.<\/p>\n<p>Presentado en estuche individual negro con logotipo Parker.<\/p>\n<p>Escritura limpia y homog\u00e9nea, sin saltos, y de gran fluidez.<\/p>\n<p>Su pr\u00e1ctica forma cil\u00edndrica y su resistente plum\u00edn fino de acero inoxidable permiten escribir con gran comodidad y precisi\u00f3n, convirtiendo a este modelo de roller en un instrumento de escritura ideal para regalar a todo escritor, periodista, o empresario, que siempre lleve un bol\u00edgrafo a mano. Ya sea para cerrar una venta, o porque una persona importante de la empresa se jubila, este bol\u00edgrafo roller, es un regalo que te garantizamos que no pasar\u00e1 desapercibido.<\/p>\n","protected":false},"featured_media":62200,"template":"","meta":{"_acf_changed":false},"product_brand":[],"product_cat":[321,317,43],"product_tag":[],"class_list":{"0":"post-59226","1":"product","2":"type-product","3":"status-publish","4":"has-post-thumbnail","6":"product_cat-boligrafos-de-lujo","7":"product_cat-boligrafos-personalizados","8":"product_cat-escritura","9":"pa_marcas-parker","11":"first","12":"instock","13":"taxable","14":"shipping-taxable","15":"purchasable","16":"product-type-variable"},"acf":[],"_links":{"self":[{"href":"https:\/\/rubi5.com\/staging\/wp-json\/wp\/v2\/product\/59226","targetHints":{"allow":["GET"]}}],"collection":[{"href":"https:\/\/rubi5.com\/staging\/wp-json\/wp\/v2\/product"}],"about":[{"href":"https:\/\/rubi5.com\/staging\/wp-json\/wp\/v2\/types\/product"}],"version-history":[{"count":2,"href":"https:\/\/rubi5.com\/staging\/wp-json\/wp\/v2\/product\/59226\/revisions"}],"predecessor-version":[{"id":59270,"href":"https:\/\/rubi5.com\/staging\/wp-json\/wp\/v2\/product\/59226\/revisions\/59270"}],"wp:featuredmedia":[{"embeddable":true,"href":"https:\/\/rubi5.com\/staging\/wp-json\/wp\/v2\/media\/62200"}],"wp:attachment":[{"href":"https:\/\/rubi5.com\/staging\/wp-json\/wp\/v2\/media?parent=59226"}],"wp:term":[{"taxonomy":"product_brand","embeddable":true,"href":"https:\/\/rubi5.com\/staging\/wp-json\/wp\/v2\/product_brand?post=59226"},{"taxonomy":"product_cat","embeddable":true,"href":"https:\/\/rubi5.com\/staging\/wp-json\/wp\/v2\/product_cat?post=59226"},{"taxonomy":"product_tag","embeddable":true,"href":"https:\/\/rubi5.com\/staging\/wp-json\/wp\/v2\/product_tag?post=59226"}],"curies":[{"name":"wp","href":"https:\/\/api.w.org\/{rel}","templated":true}]}}