{"id":59273,"date":"2023-11-08T10:18:43","date_gmt":"2023-11-08T08:18:43","guid":{"rendered":"https:\/\/rubi5.com\/?post_type=product&#038;p=59273"},"modified":"2026-01-19T03:11:10","modified_gmt":"2026-01-19T01:11:10","slug":"roller-parker-im-essential","status":"publish","type":"product","link":"https:\/\/rubi5.com\/staging\/roller-parker-im-essential\/","title":{"rendered":"Roller Parker IM Essential"},"content":{"rendered":"","protected":false},"excerpt":{"rendered":"<p>Te presentamos el Roller Parker IM Essential. Un bol\u00edgrafo roller con cuerpo y capuch\u00f3n met\u00e1licos lacados en color negro mate y adornos cromados. Reconocible su famosa marca con ese clip en punta de flecha en la capucha.<\/p>\n<p>Carga Jumbo.\u00a0Tinta Negra.<\/p>\n<p>Presentado en estuche individual negro con logotipo Parker.<\/p>\n<p>Parker IM es una alta gama de bol\u00edgrafos, cuidada en cada detalle y pensada para el uso intensivo diario. Su tinta ofrece una escritura fluida y fiable sobre el papel.<\/p>\n","protected":false},"featured_media":62199,"template":"","meta":{"_acf_changed":false},"product_brand":[],"product_cat":[321,317,43],"product_tag":[],"class_list":{"0":"post-59273","1":"product","2":"type-product","3":"status-publish","4":"has-post-thumbnail","6":"product_cat-boligrafos-de-lujo","7":"product_cat-boligrafos-personalizados","8":"product_cat-escritura","9":"pa_marcas-parker","11":"first","12":"instock","13":"taxable","14":"shipping-taxable","15":"purchasable","16":"product-type-simple"},"acf":[],"_links":{"self":[{"href":"https:\/\/rubi5.com\/staging\/wp-json\/wp\/v2\/product\/59273","targetHints":{"allow":["GET"]}}],"collection":[{"href":"https:\/\/rubi5.com\/staging\/wp-json\/wp\/v2\/product"}],"about":[{"href":"https:\/\/rubi5.com\/staging\/wp-json\/wp\/v2\/types\/product"}],"version-history":[{"count":2,"href":"https:\/\/rubi5.com\/staging\/wp-json\/wp\/v2\/product\/59273\/revisions"}],"predecessor-version":[{"id":59279,"href":"https:\/\/rubi5.com\/staging\/wp-json\/wp\/v2\/product\/59273\/revisions\/59279"}],"wp:featuredmedia":[{"embeddable":true,"href":"https:\/\/rubi5.com\/staging\/wp-json\/wp\/v2\/media\/62199"}],"wp:attachment":[{"href":"https:\/\/rubi5.com\/staging\/wp-json\/wp\/v2\/media?parent=59273"}],"wp:term":[{"taxonomy":"product_brand","embeddable":true,"href":"https:\/\/rubi5.com\/staging\/wp-json\/wp\/v2\/product_brand?post=59273"},{"taxonomy":"product_cat","embeddable":true,"href":"https:\/\/rubi5.com\/staging\/wp-json\/wp\/v2\/product_cat?post=59273"},{"taxonomy":"product_tag","embeddable":true,"href":"https:\/\/rubi5.com\/staging\/wp-json\/wp\/v2\/product_tag?post=59273"}],"curies":[{"name":"wp","href":"https:\/\/api.w.org\/{rel}","templated":true}]}}