{"id":59341,"date":"2023-11-08T15:34:39","date_gmt":"2023-11-08T13:34:39","guid":{"rendered":"https:\/\/rubi5.com\/?post_type=product&#038;p=59341"},"modified":"2026-01-19T03:11:09","modified_gmt":"2026-01-19T01:11:09","slug":"portaminas-parker-jotter","status":"publish","type":"product","link":"https:\/\/rubi5.com\/staging\/portaminas-parker-jotter\/","title":{"rendered":"Portaminas Parker Jotter"},"content":{"rendered":"","protected":false},"excerpt":{"rendered":"<p>Portaminas Parker Jotter Core, un cl\u00e1sico fabricado en acero inoxidable, con adornos brillantes y el clip con la forma ic\u00f3nica en punta de flecha de la marca. De mecanismo pulsador, con minas de 0,5mm y goma de borrar. Presentaci\u00f3n en estuche individual negro con logotipo Parker.<\/p>\n<p>&nbsp;<\/p>\n","protected":false},"featured_media":62891,"template":"","meta":{"_acf_changed":false},"product_brand":[],"product_cat":[321,317,43],"product_tag":[],"class_list":{"0":"post-59341","1":"product","2":"type-product","3":"status-publish","4":"has-post-thumbnail","6":"product_cat-boligrafos-de-lujo","7":"product_cat-boligrafos-personalizados","8":"product_cat-escritura","9":"pa_marcas-parker","11":"first","12":"instock","13":"taxable","14":"shipping-taxable","15":"purchasable","16":"product-type-simple"},"acf":[],"_links":{"self":[{"href":"https:\/\/rubi5.com\/staging\/wp-json\/wp\/v2\/product\/59341","targetHints":{"allow":["GET"]}}],"collection":[{"href":"https:\/\/rubi5.com\/staging\/wp-json\/wp\/v2\/product"}],"about":[{"href":"https:\/\/rubi5.com\/staging\/wp-json\/wp\/v2\/types\/product"}],"version-history":[{"count":2,"href":"https:\/\/rubi5.com\/staging\/wp-json\/wp\/v2\/product\/59341\/revisions"}],"predecessor-version":[{"id":61356,"href":"https:\/\/rubi5.com\/staging\/wp-json\/wp\/v2\/product\/59341\/revisions\/61356"}],"wp:featuredmedia":[{"embeddable":true,"href":"https:\/\/rubi5.com\/staging\/wp-json\/wp\/v2\/media\/62891"}],"wp:attachment":[{"href":"https:\/\/rubi5.com\/staging\/wp-json\/wp\/v2\/media?parent=59341"}],"wp:term":[{"taxonomy":"product_brand","embeddable":true,"href":"https:\/\/rubi5.com\/staging\/wp-json\/wp\/v2\/product_brand?post=59341"},{"taxonomy":"product_cat","embeddable":true,"href":"https:\/\/rubi5.com\/staging\/wp-json\/wp\/v2\/product_cat?post=59341"},{"taxonomy":"product_tag","embeddable":true,"href":"https:\/\/rubi5.com\/staging\/wp-json\/wp\/v2\/product_tag?post=59341"}],"curies":[{"name":"wp","href":"https:\/\/api.w.org\/{rel}","templated":true}]}}