{"id":59379,"date":"2023-11-09T14:46:04","date_gmt":"2023-11-09T12:46:04","guid":{"rendered":"https:\/\/rubi5.com\/?post_type=product&#038;p=59379"},"modified":"2026-01-19T03:13:49","modified_gmt":"2026-01-19T01:13:49","slug":"boligrafo-borrable-ludrick","status":"publish","type":"product","link":"https:\/\/rubi5.com\/staging\/boligrafo-borrable-ludrick\/","title":{"rendered":"Bol\u00edgrafo borrable Ludrick"},"content":{"rendered":"","protected":false},"excerpt":{"rendered":"<p>El bol\u00edgrafo borrable que todos ten\u00edamos en el colegio. Este bol\u00edgrafo especial tiene una escritura fluida que podr\u00e1s borrar en caso de equivocarte. Podr\u00e1s reescribir sin tachones y sin da\u00f1ar los papeles. Ideal para regalar a los alumnos de una escuela.<\/p>\n<p>De cartucho jumbo y en tinta azul. Fabricado en resistente ABS de acabado transparente y disponible en diferentes colores.<\/p>\n","protected":false},"featured_media":60753,"template":"","meta":{"_acf_changed":false},"product_brand":[],"product_cat":[723,317,43],"product_tag":[],"class_list":{"0":"post-59379","1":"product","2":"type-product","3":"status-publish","4":"has-post-thumbnail","6":"product_cat-boligrafos-baratos","7":"product_cat-boligrafos-personalizados","8":"product_cat-escritura","10":"first","11":"instock","12":"taxable","13":"shipping-taxable","14":"purchasable","15":"product-type-variable"},"acf":[],"_links":{"self":[{"href":"https:\/\/rubi5.com\/staging\/wp-json\/wp\/v2\/product\/59379","targetHints":{"allow":["GET"]}}],"collection":[{"href":"https:\/\/rubi5.com\/staging\/wp-json\/wp\/v2\/product"}],"about":[{"href":"https:\/\/rubi5.com\/staging\/wp-json\/wp\/v2\/types\/product"}],"version-history":[{"count":1,"href":"https:\/\/rubi5.com\/staging\/wp-json\/wp\/v2\/product\/59379\/revisions"}],"predecessor-version":[{"id":59391,"href":"https:\/\/rubi5.com\/staging\/wp-json\/wp\/v2\/product\/59379\/revisions\/59391"}],"wp:featuredmedia":[{"embeddable":true,"href":"https:\/\/rubi5.com\/staging\/wp-json\/wp\/v2\/media\/60753"}],"wp:attachment":[{"href":"https:\/\/rubi5.com\/staging\/wp-json\/wp\/v2\/media?parent=59379"}],"wp:term":[{"taxonomy":"product_brand","embeddable":true,"href":"https:\/\/rubi5.com\/staging\/wp-json\/wp\/v2\/product_brand?post=59379"},{"taxonomy":"product_cat","embeddable":true,"href":"https:\/\/rubi5.com\/staging\/wp-json\/wp\/v2\/product_cat?post=59379"},{"taxonomy":"product_tag","embeddable":true,"href":"https:\/\/rubi5.com\/staging\/wp-json\/wp\/v2\/product_tag?post=59379"}],"curies":[{"name":"wp","href":"https:\/\/api.w.org\/{rel}","templated":true}]}}