{"id":59392,"date":"2023-11-09T15:32:07","date_gmt":"2023-11-09T13:32:07","guid":{"rendered":"https:\/\/rubi5.com\/?post_type=product&#038;p=59392"},"modified":"2026-01-19T03:13:49","modified_gmt":"2026-01-19T01:13:49","slug":"roller-bandax","status":"publish","type":"product","link":"https:\/\/rubi5.com\/staging\/roller-bandax\/","title":{"rendered":"Roller Bandax"},"content":{"rendered":"","protected":false},"excerpt":{"rendered":"<p>Bol\u00edgrafo roller de tinta azul. Un roller fabricado en resistente ABS y cuerpo con tacto de goma. Clip met\u00e1lico, accesorios en cromado y disponible en diferentes colores. De cartucho jumbo.<\/p>\n<p>Un elegante y c\u00f3modo roller que puedes entregar a tus clientes en cualquier momento. No hay un momento id\u00f3neo para hacer un regalo a tus clientes. Siempre ser\u00e1 bien recibido, y m\u00e1s cuando es un detalle tan pr\u00e1ctico como un bol\u00edgrafo publicitario.<\/p>\n","protected":false},"featured_media":60752,"template":"","meta":{"_acf_changed":false},"product_brand":[],"product_cat":[317,973,43],"product_tag":[],"class_list":{"0":"post-59392","1":"product","2":"type-product","3":"status-publish","4":"has-post-thumbnail","6":"product_cat-boligrafos-personalizados","7":"product_cat-boligrafos-roller","8":"product_cat-escritura","10":"first","11":"instock","12":"taxable","13":"shipping-taxable","14":"purchasable","15":"product-type-variable"},"acf":[],"_links":{"self":[{"href":"https:\/\/rubi5.com\/staging\/wp-json\/wp\/v2\/product\/59392","targetHints":{"allow":["GET"]}}],"collection":[{"href":"https:\/\/rubi5.com\/staging\/wp-json\/wp\/v2\/product"}],"about":[{"href":"https:\/\/rubi5.com\/staging\/wp-json\/wp\/v2\/types\/product"}],"version-history":[{"count":2,"href":"https:\/\/rubi5.com\/staging\/wp-json\/wp\/v2\/product\/59392\/revisions"}],"predecessor-version":[{"id":61208,"href":"https:\/\/rubi5.com\/staging\/wp-json\/wp\/v2\/product\/59392\/revisions\/61208"}],"wp:featuredmedia":[{"embeddable":true,"href":"https:\/\/rubi5.com\/staging\/wp-json\/wp\/v2\/media\/60752"}],"wp:attachment":[{"href":"https:\/\/rubi5.com\/staging\/wp-json\/wp\/v2\/media?parent=59392"}],"wp:term":[{"taxonomy":"product_brand","embeddable":true,"href":"https:\/\/rubi5.com\/staging\/wp-json\/wp\/v2\/product_brand?post=59392"},{"taxonomy":"product_cat","embeddable":true,"href":"https:\/\/rubi5.com\/staging\/wp-json\/wp\/v2\/product_cat?post=59392"},{"taxonomy":"product_tag","embeddable":true,"href":"https:\/\/rubi5.com\/staging\/wp-json\/wp\/v2\/product_tag?post=59392"}],"curies":[{"name":"wp","href":"https:\/\/api.w.org\/{rel}","templated":true}]}}