{"id":59444,"date":"2023-11-10T11:12:16","date_gmt":"2023-11-10T09:12:16","guid":{"rendered":"https:\/\/rubi5.com\/?post_type=product&#038;p=59444"},"modified":"2026-01-19T03:11:07","modified_gmt":"2026-01-19T01:11:07","slug":"iman-calendario-larip","status":"publish","type":"product","link":"https:\/\/rubi5.com\/staging\/iman-calendario-larip\/","title":{"rendered":"Im\u00e1n Calendario Larip"},"content":{"rendered":"","protected":false},"excerpt":{"rendered":"<p>Im\u00e1n calendario en cart\u00f3n con un dise\u00f1o de mes, que podr\u00e1s ir arrancando y tu logo quedar\u00e1 encima siempre. Con amplia superficie de marcaje en la zona superior.<\/p>\n<p>Regala este calendario personalizado a todos tus clientes, y conseguir\u00e1s que tu marca est\u00e9 presente en el frigor\u00edfico de todas sus casas.<\/p>\n","protected":false},"featured_media":69924,"template":"","meta":{"_acf_changed":false},"product_brand":[],"product_cat":[944,260,33],"product_tag":[],"class_list":{"0":"post-59444","1":"product","2":"type-product","3":"status-publish","4":"has-post-thumbnail","6":"product_cat-calendarios-de-sobremesa","7":"product_cat-calendarios-personalizados","8":"product_cat-oficina","10":"first","11":"instock","12":"taxable","13":"shipping-taxable","14":"purchasable","15":"product-type-simple"},"acf":[],"_links":{"self":[{"href":"https:\/\/rubi5.com\/staging\/wp-json\/wp\/v2\/product\/59444","targetHints":{"allow":["GET"]}}],"collection":[{"href":"https:\/\/rubi5.com\/staging\/wp-json\/wp\/v2\/product"}],"about":[{"href":"https:\/\/rubi5.com\/staging\/wp-json\/wp\/v2\/types\/product"}],"version-history":[{"count":2,"href":"https:\/\/rubi5.com\/staging\/wp-json\/wp\/v2\/product\/59444\/revisions"}],"predecessor-version":[{"id":64267,"href":"https:\/\/rubi5.com\/staging\/wp-json\/wp\/v2\/product\/59444\/revisions\/64267"}],"wp:featuredmedia":[{"embeddable":true,"href":"https:\/\/rubi5.com\/staging\/wp-json\/wp\/v2\/media\/69924"}],"wp:attachment":[{"href":"https:\/\/rubi5.com\/staging\/wp-json\/wp\/v2\/media?parent=59444"}],"wp:term":[{"taxonomy":"product_brand","embeddable":true,"href":"https:\/\/rubi5.com\/staging\/wp-json\/wp\/v2\/product_brand?post=59444"},{"taxonomy":"product_cat","embeddable":true,"href":"https:\/\/rubi5.com\/staging\/wp-json\/wp\/v2\/product_cat?post=59444"},{"taxonomy":"product_tag","embeddable":true,"href":"https:\/\/rubi5.com\/staging\/wp-json\/wp\/v2\/product_tag?post=59444"}],"curies":[{"name":"wp","href":"https:\/\/api.w.org\/{rel}","templated":true}]}}