{"id":59450,"date":"2023-11-10T11:48:18","date_gmt":"2023-11-10T09:48:18","guid":{"rendered":"https:\/\/rubi5.com\/?post_type=product&#038;p=59450"},"modified":"2025-09-02T09:11:00","modified_gmt":"2025-09-02T07:11:00","slug":"boligrafo-roller-metalico-touch-pierre-cardin","status":"publish","type":"product","link":"https:\/\/rubi5.com\/staging\/boligrafo-roller-metalico-touch-pierre-cardin\/","title":{"rendered":"Bol\u00edgrafo roller met\u00e1lico touch Pierre Cardin"},"content":{"rendered":"","protected":false},"excerpt":{"rendered":"<p>Bol\u00edgrafo roller met\u00e1lico touch de la marca Pierre Cardin. Escritura gel soft. Tinta azul.<\/p>\n<p>Cuerpo con textura soft effect. Con este bol\u00edgrafo, tendr\u00e1s un regalo corporativo de tacto suave, donde podr\u00e1s grabar tu marca, que acompa\u00f1ar\u00e1 el grabado de Pierre Cardin en el clip, que viene en cada uno de los bol\u00edgrafos.<\/p>\n<p>Incluye funda de antelina (se sirve por separado).<\/p>\n","protected":false},"featured_media":62217,"template":"","meta":{"_acf_changed":false},"product_brand":[],"product_cat":[321,317,43],"product_tag":[],"class_list":{"0":"post-59450","1":"product","2":"type-product","3":"status-publish","4":"has-post-thumbnail","6":"product_cat-boligrafos-de-lujo","7":"product_cat-boligrafos-personalizados","8":"product_cat-escritura","9":"pa_marcas-pierre-cardin","11":"first","12":"instock","13":"taxable","14":"shipping-taxable","15":"purchasable","16":"product-type-variable"},"acf":[],"_links":{"self":[{"href":"https:\/\/rubi5.com\/staging\/wp-json\/wp\/v2\/product\/59450","targetHints":{"allow":["GET"]}}],"collection":[{"href":"https:\/\/rubi5.com\/staging\/wp-json\/wp\/v2\/product"}],"about":[{"href":"https:\/\/rubi5.com\/staging\/wp-json\/wp\/v2\/types\/product"}],"version-history":[{"count":1,"href":"https:\/\/rubi5.com\/staging\/wp-json\/wp\/v2\/product\/59450\/revisions"}],"predecessor-version":[{"id":59464,"href":"https:\/\/rubi5.com\/staging\/wp-json\/wp\/v2\/product\/59450\/revisions\/59464"}],"wp:featuredmedia":[{"embeddable":true,"href":"https:\/\/rubi5.com\/staging\/wp-json\/wp\/v2\/media\/62217"}],"wp:attachment":[{"href":"https:\/\/rubi5.com\/staging\/wp-json\/wp\/v2\/media?parent=59450"}],"wp:term":[{"taxonomy":"product_brand","embeddable":true,"href":"https:\/\/rubi5.com\/staging\/wp-json\/wp\/v2\/product_brand?post=59450"},{"taxonomy":"product_cat","embeddable":true,"href":"https:\/\/rubi5.com\/staging\/wp-json\/wp\/v2\/product_cat?post=59450"},{"taxonomy":"product_tag","embeddable":true,"href":"https:\/\/rubi5.com\/staging\/wp-json\/wp\/v2\/product_tag?post=59450"}],"curies":[{"name":"wp","href":"https:\/\/api.w.org\/{rel}","templated":true}]}}