{"id":59465,"date":"2023-11-10T12:05:03","date_gmt":"2023-11-10T10:05:03","guid":{"rendered":"https:\/\/rubi5.com\/?post_type=product&#038;p=59465"},"modified":"2025-01-23T11:08:12","modified_gmt":"2025-01-23T09:08:12","slug":"boligrafo-pierre-cardin-duomo","status":"publish","type":"product","link":"https:\/\/rubi5.com\/staging\/boligrafo-pierre-cardin-duomo\/","title":{"rendered":"Bol\u00edgrafo Pierre Cardin Duomo"},"content":{"rendered":"","protected":false},"excerpt":{"rendered":"<p>Bol\u00edgrafo Pierre Cardin Duomo de un tacto suave y escritura c\u00f3moda.<\/p>\n<p>Escritura gel soft de tinta azul.<\/p>\n<p>Cada bol\u00edgrafo se entrega junto a una funda de antelina.<\/p>\n","protected":false},"featured_media":60748,"template":"","meta":{"_acf_changed":false},"product_brand":[],"product_cat":[321,317,43],"product_tag":[],"class_list":{"0":"post-59465","1":"product","2":"type-product","3":"status-publish","4":"has-post-thumbnail","6":"product_cat-boligrafos-de-lujo","7":"product_cat-boligrafos-personalizados","8":"product_cat-escritura","9":"pa_marcas-pierre-cardin","11":"first","12":"instock","13":"taxable","14":"shipping-taxable","15":"purchasable","16":"product-type-variable"},"acf":[],"_links":{"self":[{"href":"https:\/\/rubi5.com\/staging\/wp-json\/wp\/v2\/product\/59465","targetHints":{"allow":["GET"]}}],"collection":[{"href":"https:\/\/rubi5.com\/staging\/wp-json\/wp\/v2\/product"}],"about":[{"href":"https:\/\/rubi5.com\/staging\/wp-json\/wp\/v2\/types\/product"}],"version-history":[{"count":1,"href":"https:\/\/rubi5.com\/staging\/wp-json\/wp\/v2\/product\/59465\/revisions"}],"predecessor-version":[{"id":59476,"href":"https:\/\/rubi5.com\/staging\/wp-json\/wp\/v2\/product\/59465\/revisions\/59476"}],"wp:featuredmedia":[{"embeddable":true,"href":"https:\/\/rubi5.com\/staging\/wp-json\/wp\/v2\/media\/60748"}],"wp:attachment":[{"href":"https:\/\/rubi5.com\/staging\/wp-json\/wp\/v2\/media?parent=59465"}],"wp:term":[{"taxonomy":"product_brand","embeddable":true,"href":"https:\/\/rubi5.com\/staging\/wp-json\/wp\/v2\/product_brand?post=59465"},{"taxonomy":"product_cat","embeddable":true,"href":"https:\/\/rubi5.com\/staging\/wp-json\/wp\/v2\/product_cat?post=59465"},{"taxonomy":"product_tag","embeddable":true,"href":"https:\/\/rubi5.com\/staging\/wp-json\/wp\/v2\/product_tag?post=59465"}],"curies":[{"name":"wp","href":"https:\/\/api.w.org\/{rel}","templated":true}]}}