{"id":59490,"date":"2023-11-10T13:53:20","date_gmt":"2023-11-10T11:53:20","guid":{"rendered":"https:\/\/rubi5.com\/?post_type=product&#038;p=59490"},"modified":"2024-04-17T10:18:48","modified_gmt":"2024-04-17T08:18:48","slug":"roller-florencia-pierre-cardin","status":"publish","type":"product","link":"https:\/\/rubi5.com\/staging\/roller-florencia-pierre-cardin\/","title":{"rendered":"Roller Florencia Pierre Cardin"},"content":{"rendered":"","protected":false},"excerpt":{"rendered":"<p>Bol\u00edgrafo roller metalizado con una textura suave, gracias al efecto &#8216;soft touch&#8217;. Incluye funda de antelina con el logo Pierre Cardin. Escritura azul.<\/p>\n<p>Un dise\u00f1o innovador y una marca l\u00edder en el mercado de los bol\u00edgrafos de marca. Su acabado metalizado hace de este bol\u00edgrafo un regalo elegante y cautivador complemento de escritura.<\/p>\n","protected":false},"featured_media":62197,"template":"","meta":{"_acf_changed":false},"product_brand":[],"product_cat":[321,317,43],"product_tag":[],"class_list":{"0":"post-59490","1":"product","2":"type-product","3":"status-publish","4":"has-post-thumbnail","6":"product_cat-boligrafos-de-lujo","7":"product_cat-boligrafos-personalizados","8":"product_cat-escritura","9":"pa_marcas-pierre-cardin","11":"first","12":"instock","13":"taxable","14":"shipping-taxable","15":"purchasable","16":"product-type-simple"},"acf":[],"_links":{"self":[{"href":"https:\/\/rubi5.com\/staging\/wp-json\/wp\/v2\/product\/59490","targetHints":{"allow":["GET"]}}],"collection":[{"href":"https:\/\/rubi5.com\/staging\/wp-json\/wp\/v2\/product"}],"about":[{"href":"https:\/\/rubi5.com\/staging\/wp-json\/wp\/v2\/types\/product"}],"version-history":[{"count":1,"href":"https:\/\/rubi5.com\/staging\/wp-json\/wp\/v2\/product\/59490\/revisions"}],"predecessor-version":[{"id":59497,"href":"https:\/\/rubi5.com\/staging\/wp-json\/wp\/v2\/product\/59490\/revisions\/59497"}],"wp:featuredmedia":[{"embeddable":true,"href":"https:\/\/rubi5.com\/staging\/wp-json\/wp\/v2\/media\/62197"}],"wp:attachment":[{"href":"https:\/\/rubi5.com\/staging\/wp-json\/wp\/v2\/media?parent=59490"}],"wp:term":[{"taxonomy":"product_brand","embeddable":true,"href":"https:\/\/rubi5.com\/staging\/wp-json\/wp\/v2\/product_brand?post=59490"},{"taxonomy":"product_cat","embeddable":true,"href":"https:\/\/rubi5.com\/staging\/wp-json\/wp\/v2\/product_cat?post=59490"},{"taxonomy":"product_tag","embeddable":true,"href":"https:\/\/rubi5.com\/staging\/wp-json\/wp\/v2\/product_tag?post=59490"}],"curies":[{"name":"wp","href":"https:\/\/api.w.org\/{rel}","templated":true}]}}