{"id":59516,"date":"2023-11-13T09:44:27","date_gmt":"2023-11-13T07:44:27","guid":{"rendered":"https:\/\/rubi5.com\/?post_type=product&#038;p=59516"},"modified":"2026-01-19T03:13:49","modified_gmt":"2026-01-19T01:13:49","slug":"boligrafo-aluminio-y-bambu-kolka","status":"publish","type":"product","link":"https:\/\/rubi5.com\/staging\/boligrafo-aluminio-y-bambu-kolka\/","title":{"rendered":"Bol\u00edgrafo aluminio y bamb\u00fa Kolka"},"content":{"rendered":"","protected":false},"excerpt":{"rendered":"<p>Bol\u00edgrafo de l\u00ednea nature con el cuerpo en resistente aluminio recubierto de un acabado de goma, con un tacto suave, y en diferentes colores. Con la empu\u00f1adura en bamb\u00fa. Clip met\u00e1lico, con mecanismo pulsador y en tinta azul. Presentado en bolsa individual reciclada.<\/p>\n<p>*<strong>IMPORTANTE<\/strong>: Este tipo de material solo es posible personalizarlo, adem\u00e1s de a l\u00e1ser, en color blanco o plateado.<\/p>\n","protected":false},"featured_media":60750,"template":"","meta":{"_acf_changed":false},"product_brand":[],"product_cat":[319,317,43],"product_tag":[],"class_list":{"0":"post-59516","1":"product","2":"type-product","3":"status-publish","4":"has-post-thumbnail","6":"product_cat-boligrafos-metalicos","7":"product_cat-boligrafos-personalizados","8":"product_cat-escritura","10":"first","11":"instock","12":"taxable","13":"shipping-taxable","14":"purchasable","15":"product-type-variable"},"acf":[],"_links":{"self":[{"href":"https:\/\/rubi5.com\/staging\/wp-json\/wp\/v2\/product\/59516","targetHints":{"allow":["GET"]}}],"collection":[{"href":"https:\/\/rubi5.com\/staging\/wp-json\/wp\/v2\/product"}],"about":[{"href":"https:\/\/rubi5.com\/staging\/wp-json\/wp\/v2\/types\/product"}],"version-history":[{"count":5,"href":"https:\/\/rubi5.com\/staging\/wp-json\/wp\/v2\/product\/59516\/revisions"}],"predecessor-version":[{"id":60680,"href":"https:\/\/rubi5.com\/staging\/wp-json\/wp\/v2\/product\/59516\/revisions\/60680"}],"wp:featuredmedia":[{"embeddable":true,"href":"https:\/\/rubi5.com\/staging\/wp-json\/wp\/v2\/media\/60750"}],"wp:attachment":[{"href":"https:\/\/rubi5.com\/staging\/wp-json\/wp\/v2\/media?parent=59516"}],"wp:term":[{"taxonomy":"product_brand","embeddable":true,"href":"https:\/\/rubi5.com\/staging\/wp-json\/wp\/v2\/product_brand?post=59516"},{"taxonomy":"product_cat","embeddable":true,"href":"https:\/\/rubi5.com\/staging\/wp-json\/wp\/v2\/product_cat?post=59516"},{"taxonomy":"product_tag","embeddable":true,"href":"https:\/\/rubi5.com\/staging\/wp-json\/wp\/v2\/product_tag?post=59516"}],"curies":[{"name":"wp","href":"https:\/\/api.w.org\/{rel}","templated":true}]}}