{"id":59921,"date":"2023-12-04T11:12:29","date_gmt":"2023-12-04T09:12:29","guid":{"rendered":"https:\/\/rubi5.com\/?post_type=product&#038;p=59921"},"modified":"2026-01-19T03:13:49","modified_gmt":"2026-01-19T01:13:49","slug":"cargador-meller","status":"publish","type":"product","link":"https:\/\/rubi5.com\/staging\/cargador-meller\/","title":{"rendered":"Cargador Meller"},"content":{"rendered":"","protected":false},"excerpt":{"rendered":"<p>Cargador inal\u00e1mbrico plegable 15W. Con base fabricada en resistente ABS de color blanco y superficie de carga en bamb\u00fa, con soporte telesc\u00f3pico integrado. Compatible con dispositivos equipados con tecnolog\u00eda de carga inal\u00e1mbrica Qi, con cable de carga Tipo C incluido. Presentado en caja individual de dise\u00f1o kraft, con manual de instrucciones en espa\u00f1ol e ingl\u00e9s.<\/p>\n<p>Fabricado conforme a los est\u00e1ndares RoHS y en cumplimiento con los siguientes requisitos de seguridad:<\/p>\n<p><strong>Sistema de protecci\u00f3n contra sobrecalentamiento.<\/strong><br \/>\n<strong>Sistema de protecci\u00f3n contra sobrecarga.<\/strong><br \/>\n<strong>Sistema de bloqueo para evitar cortocircuitos.<\/strong><\/p>\n","protected":false},"featured_media":62264,"template":"","meta":{"_acf_changed":false},"product_brand":[],"product_cat":[147,954,328],"product_tag":[],"class_list":{"0":"post-59921","1":"product","2":"type-product","3":"status-publish","4":"has-post-thumbnail","6":"product_cat-tecnologia","7":"product_cat-cargadores-inalambricos","8":"product_cat-cargadores-personalizados","10":"first","11":"instock","12":"taxable","13":"shipping-taxable","14":"purchasable","15":"product-type-variable"},"acf":[],"_links":{"self":[{"href":"https:\/\/rubi5.com\/staging\/wp-json\/wp\/v2\/product\/59921","targetHints":{"allow":["GET"]}}],"collection":[{"href":"https:\/\/rubi5.com\/staging\/wp-json\/wp\/v2\/product"}],"about":[{"href":"https:\/\/rubi5.com\/staging\/wp-json\/wp\/v2\/types\/product"}],"version-history":[{"count":3,"href":"https:\/\/rubi5.com\/staging\/wp-json\/wp\/v2\/product\/59921\/revisions"}],"predecessor-version":[{"id":59931,"href":"https:\/\/rubi5.com\/staging\/wp-json\/wp\/v2\/product\/59921\/revisions\/59931"}],"wp:featuredmedia":[{"embeddable":true,"href":"https:\/\/rubi5.com\/staging\/wp-json\/wp\/v2\/media\/62264"}],"wp:attachment":[{"href":"https:\/\/rubi5.com\/staging\/wp-json\/wp\/v2\/media?parent=59921"}],"wp:term":[{"taxonomy":"product_brand","embeddable":true,"href":"https:\/\/rubi5.com\/staging\/wp-json\/wp\/v2\/product_brand?post=59921"},{"taxonomy":"product_cat","embeddable":true,"href":"https:\/\/rubi5.com\/staging\/wp-json\/wp\/v2\/product_cat?post=59921"},{"taxonomy":"product_tag","embeddable":true,"href":"https:\/\/rubi5.com\/staging\/wp-json\/wp\/v2\/product_tag?post=59921"}],"curies":[{"name":"wp","href":"https:\/\/api.w.org\/{rel}","templated":true}]}}