{"id":60629,"date":"2023-12-22T11:20:50","date_gmt":"2023-12-22T09:20:50","guid":{"rendered":"https:\/\/rubi5.com\/?post_type=product&#038;p=60629"},"modified":"2025-01-23T11:25:15","modified_gmt":"2025-01-23T09:25:15","slug":"set-dental-ecologico","status":"publish","type":"product","link":"https:\/\/rubi5.com\/staging\/set-dental-ecologico\/","title":{"rendered":"Set dental ecol\u00f3gico"},"content":{"rendered":"","protected":false},"excerpt":{"rendered":"<p>Set dental de viaje presentado en una caja de cart\u00f3n. Incluye un cepillo de dientes realizado en bamb\u00fa (medida cepillo 1.8 x 18.1) y una pasta dent\u00edfrica de 3gr.<\/p>\n","protected":false},"featured_media":60630,"template":"","meta":{"_acf_changed":false},"product_brand":[],"product_cat":[923,187],"product_tag":[],"class_list":{"0":"post-60629","1":"product","2":"type-product","3":"status-publish","4":"has-post-thumbnail","6":"product_cat-cepillos-de-dientes","7":"product_cat-salud-y-bienestar","9":"first","10":"instock","11":"taxable","12":"shipping-taxable","13":"purchasable","14":"product-type-simple"},"acf":[],"_links":{"self":[{"href":"https:\/\/rubi5.com\/staging\/wp-json\/wp\/v2\/product\/60629","targetHints":{"allow":["GET"]}}],"collection":[{"href":"https:\/\/rubi5.com\/staging\/wp-json\/wp\/v2\/product"}],"about":[{"href":"https:\/\/rubi5.com\/staging\/wp-json\/wp\/v2\/types\/product"}],"version-history":[{"count":2,"href":"https:\/\/rubi5.com\/staging\/wp-json\/wp\/v2\/product\/60629\/revisions"}],"predecessor-version":[{"id":60634,"href":"https:\/\/rubi5.com\/staging\/wp-json\/wp\/v2\/product\/60629\/revisions\/60634"}],"wp:featuredmedia":[{"embeddable":true,"href":"https:\/\/rubi5.com\/staging\/wp-json\/wp\/v2\/media\/60630"}],"wp:attachment":[{"href":"https:\/\/rubi5.com\/staging\/wp-json\/wp\/v2\/media?parent=60629"}],"wp:term":[{"taxonomy":"product_brand","embeddable":true,"href":"https:\/\/rubi5.com\/staging\/wp-json\/wp\/v2\/product_brand?post=60629"},{"taxonomy":"product_cat","embeddable":true,"href":"https:\/\/rubi5.com\/staging\/wp-json\/wp\/v2\/product_cat?post=60629"},{"taxonomy":"product_tag","embeddable":true,"href":"https:\/\/rubi5.com\/staging\/wp-json\/wp\/v2\/product_tag?post=60629"}],"curies":[{"name":"wp","href":"https:\/\/api.w.org\/{rel}","templated":true}]}}