{"id":60639,"date":"2023-12-22T12:07:47","date_gmt":"2023-12-22T10:07:47","guid":{"rendered":"https:\/\/rubi5.com\/?post_type=product&#038;p=60639"},"modified":"2026-01-19T03:11:04","modified_gmt":"2026-01-19T01:11:04","slug":"cepillo-de-dientes-plegable","status":"publish","type":"product","link":"https:\/\/rubi5.com\/staging\/cepillo-de-dientes-plegable\/","title":{"rendered":"Cepillo de dientes plegable"},"content":{"rendered":"","protected":false},"excerpt":{"rendered":"<p>Cepillo de dientes plegable y de l\u00ednea ecol\u00f3gica. Fabricado en ca\u00f1a de trigo, para as\u00ed fomentar la utilizaci\u00f3n de materias primas naturales y reducir las emisiones contaminantes.<\/p>\n","protected":false},"featured_media":60640,"template":"","meta":{"_acf_changed":false},"product_brand":[],"product_cat":[923,187],"product_tag":[],"class_list":{"0":"post-60639","1":"product","2":"type-product","3":"status-publish","4":"has-post-thumbnail","6":"product_cat-cepillos-de-dientes","7":"product_cat-salud-y-bienestar","9":"first","10":"instock","11":"taxable","12":"shipping-taxable","13":"purchasable","14":"product-type-simple"},"acf":[],"_links":{"self":[{"href":"https:\/\/rubi5.com\/staging\/wp-json\/wp\/v2\/product\/60639","targetHints":{"allow":["GET"]}}],"collection":[{"href":"https:\/\/rubi5.com\/staging\/wp-json\/wp\/v2\/product"}],"about":[{"href":"https:\/\/rubi5.com\/staging\/wp-json\/wp\/v2\/types\/product"}],"version-history":[{"count":2,"href":"https:\/\/rubi5.com\/staging\/wp-json\/wp\/v2\/product\/60639\/revisions"}],"predecessor-version":[{"id":60645,"href":"https:\/\/rubi5.com\/staging\/wp-json\/wp\/v2\/product\/60639\/revisions\/60645"}],"wp:featuredmedia":[{"embeddable":true,"href":"https:\/\/rubi5.com\/staging\/wp-json\/wp\/v2\/media\/60640"}],"wp:attachment":[{"href":"https:\/\/rubi5.com\/staging\/wp-json\/wp\/v2\/media?parent=60639"}],"wp:term":[{"taxonomy":"product_brand","embeddable":true,"href":"https:\/\/rubi5.com\/staging\/wp-json\/wp\/v2\/product_brand?post=60639"},{"taxonomy":"product_cat","embeddable":true,"href":"https:\/\/rubi5.com\/staging\/wp-json\/wp\/v2\/product_cat?post=60639"},{"taxonomy":"product_tag","embeddable":true,"href":"https:\/\/rubi5.com\/staging\/wp-json\/wp\/v2\/product_tag?post=60639"}],"curies":[{"name":"wp","href":"https:\/\/api.w.org\/{rel}","templated":true}]}}