{"id":60859,"date":"2024-01-17T10:49:24","date_gmt":"2024-01-17T08:49:24","guid":{"rendered":"https:\/\/rubi5.com\/?post_type=product&#038;p=60859"},"modified":"2026-01-19T03:13:49","modified_gmt":"2026-01-19T01:13:49","slug":"taza-bastic","status":"publish","type":"product","link":"https:\/\/rubi5.com\/staging\/taza-bastic\/","title":{"rendered":"Taza Bastic"},"content":{"rendered":"","protected":false},"excerpt":{"rendered":"<p>Taza de acero inox de 210ml, con cuerpo de acabado brillante met\u00e1lico y una funcional asa en forma de mosquet\u00f3n de colores variados pudiendo ser f\u00e1cil de transportar. Presentada en una caja de cart\u00f3n Kraft.<\/p>\n","protected":false},"featured_media":62070,"template":"","meta":{"_acf_changed":false},"product_brand":[],"product_cat":[997,230,30],"product_tag":[],"class_list":{"0":"post-60859","1":"product","2":"type-product","3":"status-publish","4":"has-post-thumbnail","6":"product_cat-tazas-metalicas","7":"product_cat-tazas-personalizadas","8":"product_cat-tazas-y-botellas","10":"first","11":"instock","12":"taxable","13":"shipping-taxable","14":"purchasable","15":"product-type-variable"},"acf":[],"_links":{"self":[{"href":"https:\/\/rubi5.com\/staging\/wp-json\/wp\/v2\/product\/60859","targetHints":{"allow":["GET"]}}],"collection":[{"href":"https:\/\/rubi5.com\/staging\/wp-json\/wp\/v2\/product"}],"about":[{"href":"https:\/\/rubi5.com\/staging\/wp-json\/wp\/v2\/types\/product"}],"version-history":[{"count":2,"href":"https:\/\/rubi5.com\/staging\/wp-json\/wp\/v2\/product\/60859\/revisions"}],"predecessor-version":[{"id":60874,"href":"https:\/\/rubi5.com\/staging\/wp-json\/wp\/v2\/product\/60859\/revisions\/60874"}],"wp:featuredmedia":[{"embeddable":true,"href":"https:\/\/rubi5.com\/staging\/wp-json\/wp\/v2\/media\/62070"}],"wp:attachment":[{"href":"https:\/\/rubi5.com\/staging\/wp-json\/wp\/v2\/media?parent=60859"}],"wp:term":[{"taxonomy":"product_brand","embeddable":true,"href":"https:\/\/rubi5.com\/staging\/wp-json\/wp\/v2\/product_brand?post=60859"},{"taxonomy":"product_cat","embeddable":true,"href":"https:\/\/rubi5.com\/staging\/wp-json\/wp\/v2\/product_cat?post=60859"},{"taxonomy":"product_tag","embeddable":true,"href":"https:\/\/rubi5.com\/staging\/wp-json\/wp\/v2\/product_tag?post=60859"}],"curies":[{"name":"wp","href":"https:\/\/api.w.org\/{rel}","templated":true}]}}