{"id":61157,"date":"2024-01-26T12:47:52","date_gmt":"2024-01-26T10:47:52","guid":{"rendered":"https:\/\/rubi5.com\/?post_type=product&#038;p=61157"},"modified":"2026-01-16T03:11:08","modified_gmt":"2026-01-16T01:11:08","slug":"bloc-de-notas-a5-xeria","status":"publish","type":"product","link":"https:\/\/rubi5.com\/staging\/bloc-de-notas-a5-xeria\/","title":{"rendered":"Bloc de notas A5 Xeria"},"content":{"rendered":"","protected":false},"excerpt":{"rendered":"<p>Bloc de notas A5 fabricado en polipiel de elegante acabado en negro. Con tapas duras, marcap\u00e1ginas y el\u00e1stico de sujeci\u00f3n a juego. Interior con 100 hojas de disposici\u00f3n a 1 raya y soporte para bol\u00edgrafo (bol\u00edgrafo no incluido).<\/p>\n<p>Medidas libreta: 14.7 x 21 cm<\/p>\n","protected":false},"featured_media":61160,"template":"","meta":{"_acf_changed":false},"product_brand":[],"product_cat":[934,247,33],"product_tag":[],"class_list":{"0":"post-61157","1":"product","2":"type-product","3":"status-publish","4":"has-post-thumbnail","6":"product_cat-libretas-a5","7":"product_cat-libretas-personalizadas","8":"product_cat-oficina","10":"first","11":"instock","12":"taxable","13":"shipping-taxable","14":"purchasable","15":"product-type-simple"},"acf":[],"_links":{"self":[{"href":"https:\/\/rubi5.com\/staging\/wp-json\/wp\/v2\/product\/61157","targetHints":{"allow":["GET"]}}],"collection":[{"href":"https:\/\/rubi5.com\/staging\/wp-json\/wp\/v2\/product"}],"about":[{"href":"https:\/\/rubi5.com\/staging\/wp-json\/wp\/v2\/types\/product"}],"version-history":[{"count":2,"href":"https:\/\/rubi5.com\/staging\/wp-json\/wp\/v2\/product\/61157\/revisions"}],"predecessor-version":[{"id":61163,"href":"https:\/\/rubi5.com\/staging\/wp-json\/wp\/v2\/product\/61157\/revisions\/61163"}],"wp:featuredmedia":[{"embeddable":true,"href":"https:\/\/rubi5.com\/staging\/wp-json\/wp\/v2\/media\/61160"}],"wp:attachment":[{"href":"https:\/\/rubi5.com\/staging\/wp-json\/wp\/v2\/media?parent=61157"}],"wp:term":[{"taxonomy":"product_brand","embeddable":true,"href":"https:\/\/rubi5.com\/staging\/wp-json\/wp\/v2\/product_brand?post=61157"},{"taxonomy":"product_cat","embeddable":true,"href":"https:\/\/rubi5.com\/staging\/wp-json\/wp\/v2\/product_cat?post=61157"},{"taxonomy":"product_tag","embeddable":true,"href":"https:\/\/rubi5.com\/staging\/wp-json\/wp\/v2\/product_tag?post=61157"}],"curies":[{"name":"wp","href":"https:\/\/api.w.org\/{rel}","templated":true}]}}