{"id":61451,"date":"2024-02-19T13:03:45","date_gmt":"2024-02-19T11:03:45","guid":{"rendered":"https:\/\/rubi5.com\/?post_type=product&#038;p=61451"},"modified":"2025-10-21T09:39:12","modified_gmt":"2025-10-21T07:39:12","slug":"pulsera-sublimada-a-todo-color","status":"publish","type":"product","link":"https:\/\/rubi5.com\/staging\/pulsera-sublimada-a-todo-color\/","title":{"rendered":"Pulsera sublimada 1 cara a todo color"},"content":{"rendered":"","protected":false},"excerpt":{"rendered":"<p>Pulsera sublimada por una cara a todo color, fabricada en poli\u00e9ster 100% personalizable con impresi\u00f3n a todo color en calidad fotogr\u00e1fica.<\/p>\n<p>Elige entre cierre extra\u00edble met\u00e1lico, ideal para ponerla y quitarla en cualquier momento o cierre inviolable (un solo uso), perfecto para festivales, conciertos o discotecas (una vez quitada, ya no podr\u00e1s ponerla).<\/p>\n<p><strong>La cinta tiene las medidas 35 x 1,5 cm.<\/strong><\/p>\n<p>Las pulseras se entregan presentadas en bolsas de 50 unidades.<\/p>\n","protected":false},"featured_media":61816,"template":"","meta":{"_acf_changed":false},"product_brand":[],"product_cat":[1004,54,734],"product_tag":[],"class_list":{"0":"post-61451","1":"product","2":"type-product","3":"status-publish","4":"has-post-thumbnail","6":"product_cat-pulseras-sublimadas","7":"product_cat-eventos","8":"product_cat-pulseras-personalizadas","10":"first","11":"instock","12":"taxable","13":"shipping-taxable","14":"product-type-external"},"acf":[],"_links":{"self":[{"href":"https:\/\/rubi5.com\/staging\/wp-json\/wp\/v2\/product\/61451","targetHints":{"allow":["GET"]}}],"collection":[{"href":"https:\/\/rubi5.com\/staging\/wp-json\/wp\/v2\/product"}],"about":[{"href":"https:\/\/rubi5.com\/staging\/wp-json\/wp\/v2\/types\/product"}],"version-history":[{"count":9,"href":"https:\/\/rubi5.com\/staging\/wp-json\/wp\/v2\/product\/61451\/revisions"}],"predecessor-version":[{"id":65844,"href":"https:\/\/rubi5.com\/staging\/wp-json\/wp\/v2\/product\/61451\/revisions\/65844"}],"wp:featuredmedia":[{"embeddable":true,"href":"https:\/\/rubi5.com\/staging\/wp-json\/wp\/v2\/media\/61816"}],"wp:attachment":[{"href":"https:\/\/rubi5.com\/staging\/wp-json\/wp\/v2\/media?parent=61451"}],"wp:term":[{"taxonomy":"product_brand","embeddable":true,"href":"https:\/\/rubi5.com\/staging\/wp-json\/wp\/v2\/product_brand?post=61451"},{"taxonomy":"product_cat","embeddable":true,"href":"https:\/\/rubi5.com\/staging\/wp-json\/wp\/v2\/product_cat?post=61451"},{"taxonomy":"product_tag","embeddable":true,"href":"https:\/\/rubi5.com\/staging\/wp-json\/wp\/v2\/product_tag?post=61451"}],"curies":[{"name":"wp","href":"https:\/\/api.w.org\/{rel}","templated":true}]}}