{"id":61728,"date":"2024-03-13T14:19:29","date_gmt":"2024-03-13T12:19:29","guid":{"rendered":"https:\/\/rubi5.com\/?post_type=product&#038;p=61728"},"modified":"2026-01-02T03:14:43","modified_gmt":"2026-01-02T01:14:43","slug":"vaso-de-plastico-hesun","status":"publish","type":"product","link":"https:\/\/rubi5.com\/staging\/vaso-de-plastico-hesun\/","title":{"rendered":"Vaso de pl\u00e1stico Hesun 1,2L"},"content":{"rendered":"","protected":false},"excerpt":{"rendered":"<p>Vaso de 1,2L de capacidad en resistente y flexible material PP. Reutilizable y en acabado transl\u00facido, con forma especial en la parte inferior para un agarre m\u00e1s c\u00f3modo, y para que pueda adaptarse bien a un posavasos.<\/p>\n","protected":false},"featured_media":61730,"template":"","meta":{"_acf_changed":false},"product_brand":[],"product_cat":[30,1000,241],"product_tag":[],"class_list":{"0":"post-61728","1":"product","2":"type-product","3":"status-publish","4":"has-post-thumbnail","6":"product_cat-tazas-y-botellas","7":"product_cat-vasos-de-plastico","8":"product_cat-vasos-personalizados","10":"first","11":"instock","12":"taxable","13":"shipping-taxable","14":"purchasable","15":"product-type-variable"},"acf":[],"_links":{"self":[{"href":"https:\/\/rubi5.com\/staging\/wp-json\/wp\/v2\/product\/61728","targetHints":{"allow":["GET"]}}],"collection":[{"href":"https:\/\/rubi5.com\/staging\/wp-json\/wp\/v2\/product"}],"about":[{"href":"https:\/\/rubi5.com\/staging\/wp-json\/wp\/v2\/types\/product"}],"version-history":[{"count":3,"href":"https:\/\/rubi5.com\/staging\/wp-json\/wp\/v2\/product\/61728\/revisions"}],"predecessor-version":[{"id":61741,"href":"https:\/\/rubi5.com\/staging\/wp-json\/wp\/v2\/product\/61728\/revisions\/61741"}],"wp:featuredmedia":[{"embeddable":true,"href":"https:\/\/rubi5.com\/staging\/wp-json\/wp\/v2\/media\/61730"}],"wp:attachment":[{"href":"https:\/\/rubi5.com\/staging\/wp-json\/wp\/v2\/media?parent=61728"}],"wp:term":[{"taxonomy":"product_brand","embeddable":true,"href":"https:\/\/rubi5.com\/staging\/wp-json\/wp\/v2\/product_brand?post=61728"},{"taxonomy":"product_cat","embeddable":true,"href":"https:\/\/rubi5.com\/staging\/wp-json\/wp\/v2\/product_cat?post=61728"},{"taxonomy":"product_tag","embeddable":true,"href":"https:\/\/rubi5.com\/staging\/wp-json\/wp\/v2\/product_tag?post=61728"}],"curies":[{"name":"wp","href":"https:\/\/api.w.org\/{rel}","templated":true}]}}