{"id":61795,"date":"2024-03-22T09:26:55","date_gmt":"2024-03-22T07:26:55","guid":{"rendered":"https:\/\/rubi5.com\/?post_type=product&#038;p=61795"},"modified":"2025-03-17T13:42:26","modified_gmt":"2025-03-17T11:42:26","slug":"pulsera-de-tela-sublimada-2-caras-a-todo-color","status":"publish","type":"product","link":"https:\/\/rubi5.com\/staging\/pulsera-de-tela-sublimada-2-caras-a-todo-color\/","title":{"rendered":"Pulsera sublimada 2 caras a todo color"},"content":{"rendered":"","protected":false},"excerpt":{"rendered":"<p>Pulsera sublimada por las dos caras a todo color. Una pulsera 100% personalizable con impresi\u00f3n a todo color en calidad fotogr\u00e1fica, con un suave tacto.<\/p>\n<p>Pulsera fabricada en poli\u00e9ster, con un tama\u00f1o de 35 x 1,5 cm.<\/p>\n<p>En cuanto al cierre de la pulsera, podr\u00e1s elegir entre:<\/p>\n<p>Cierre extra\u00edble de metal, con el que puedes apretar y soltar la pulsera seg\u00fan tu mu\u00f1eca, adem\u00e1s de poder ponerte y quitarte la pulsera en cualquier momento.<\/p>\n<p>Con cierre inviolable (de un solo uso), nadie podr\u00e1 quit\u00e1rsela y pas\u00e1rsela a otra persona. Adem\u00e1s, evitar\u00e1 que se caiga y se pierda entre la multitud de gente.<\/p>\n<p>Presentado en bolsas de 50 unidades.<\/p>\n","protected":false},"featured_media":61799,"template":"","meta":{"_acf_changed":false},"product_brand":[],"product_cat":[1004,54,734],"product_tag":[],"class_list":{"0":"post-61795","1":"product","2":"type-product","3":"status-publish","4":"has-post-thumbnail","6":"product_cat-pulseras-sublimadas","7":"product_cat-eventos","8":"product_cat-pulseras-personalizadas","10":"first","11":"instock","12":"taxable","13":"shipping-taxable","14":"product-type-external"},"acf":[],"_links":{"self":[{"href":"https:\/\/rubi5.com\/staging\/wp-json\/wp\/v2\/product\/61795","targetHints":{"allow":["GET"]}}],"collection":[{"href":"https:\/\/rubi5.com\/staging\/wp-json\/wp\/v2\/product"}],"about":[{"href":"https:\/\/rubi5.com\/staging\/wp-json\/wp\/v2\/types\/product"}],"version-history":[{"count":2,"href":"https:\/\/rubi5.com\/staging\/wp-json\/wp\/v2\/product\/61795\/revisions"}],"predecessor-version":[{"id":61823,"href":"https:\/\/rubi5.com\/staging\/wp-json\/wp\/v2\/product\/61795\/revisions\/61823"}],"wp:featuredmedia":[{"embeddable":true,"href":"https:\/\/rubi5.com\/staging\/wp-json\/wp\/v2\/media\/61799"}],"wp:attachment":[{"href":"https:\/\/rubi5.com\/staging\/wp-json\/wp\/v2\/media?parent=61795"}],"wp:term":[{"taxonomy":"product_brand","embeddable":true,"href":"https:\/\/rubi5.com\/staging\/wp-json\/wp\/v2\/product_brand?post=61795"},{"taxonomy":"product_cat","embeddable":true,"href":"https:\/\/rubi5.com\/staging\/wp-json\/wp\/v2\/product_cat?post=61795"},{"taxonomy":"product_tag","embeddable":true,"href":"https:\/\/rubi5.com\/staging\/wp-json\/wp\/v2\/product_tag?post=61795"}],"curies":[{"name":"wp","href":"https:\/\/api.w.org\/{rel}","templated":true}]}}