{"id":61801,"date":"2024-03-22T09:39:28","date_gmt":"2024-03-22T07:39:28","guid":{"rendered":"https:\/\/rubi5.com\/?post_type=product&#038;p=61801"},"modified":"2025-02-14T13:49:31","modified_gmt":"2025-02-14T11:49:31","slug":"pulsera-sublimada-a-todo-color-reciclada","status":"publish","type":"product","link":"https:\/\/rubi5.com\/staging\/pulsera-sublimada-a-todo-color-reciclada\/","title":{"rendered":"Pulsera sublimada 1 cara reciclada"},"content":{"rendered":"","protected":false},"excerpt":{"rendered":"<div>Pulsera sublimada a todo color hecha de 100% RPET. Una pulsera fabricada en materiales reciclados, perfecto para empresas que est\u00e9n concienciadas con el medio ambiente, y quieran transmitirlo tambi\u00e9n en su publicidad.<\/div>\n<div><\/div>\n<div>Personal\u00edzala a una cara a todo color con la imagen que quieras. Elige un dise\u00f1o con multitud de colores para destacarla, o con tu logo repetido a lo largo de la pulsera. T\u00fa eliges.<\/div>\n<div><\/div>\n<div>La cinta mide aprox. 34&#215;1,5 cm.<\/div>\n<div><\/div>\n<div>Puedes optar por cierre de seguridad de un solo uso o por cierre extra\u00edble que pueda utilizarse varias veces.<\/div>\n<div><\/div>\n<div>La pulsera personalizada es la soluci\u00f3n ideal para conciertos, festivales y eventos corporativos.<\/div>\n<div><\/div>\n<div>Se entregan en bolsas de 50 unidades.<\/div>\n","protected":false},"featured_media":61813,"template":"","meta":{"_acf_changed":false},"product_brand":[],"product_cat":[1004,54,734],"product_tag":[],"class_list":{"0":"post-61801","1":"product","2":"type-product","3":"status-publish","4":"has-post-thumbnail","6":"product_cat-pulseras-sublimadas","7":"product_cat-eventos","8":"product_cat-pulseras-personalizadas","10":"first","11":"instock","12":"taxable","13":"shipping-taxable","14":"product-type-external"},"acf":[],"_links":{"self":[{"href":"https:\/\/rubi5.com\/staging\/wp-json\/wp\/v2\/product\/61801","targetHints":{"allow":["GET"]}}],"collection":[{"href":"https:\/\/rubi5.com\/staging\/wp-json\/wp\/v2\/product"}],"about":[{"href":"https:\/\/rubi5.com\/staging\/wp-json\/wp\/v2\/types\/product"}],"version-history":[{"count":4,"href":"https:\/\/rubi5.com\/staging\/wp-json\/wp\/v2\/product\/61801\/revisions"}],"predecessor-version":[{"id":67224,"href":"https:\/\/rubi5.com\/staging\/wp-json\/wp\/v2\/product\/61801\/revisions\/67224"}],"wp:featuredmedia":[{"embeddable":true,"href":"https:\/\/rubi5.com\/staging\/wp-json\/wp\/v2\/media\/61813"}],"wp:attachment":[{"href":"https:\/\/rubi5.com\/staging\/wp-json\/wp\/v2\/media?parent=61801"}],"wp:term":[{"taxonomy":"product_brand","embeddable":true,"href":"https:\/\/rubi5.com\/staging\/wp-json\/wp\/v2\/product_brand?post=61801"},{"taxonomy":"product_cat","embeddable":true,"href":"https:\/\/rubi5.com\/staging\/wp-json\/wp\/v2\/product_cat?post=61801"},{"taxonomy":"product_tag","embeddable":true,"href":"https:\/\/rubi5.com\/staging\/wp-json\/wp\/v2\/product_tag?post=61801"}],"curies":[{"name":"wp","href":"https:\/\/api.w.org\/{rel}","templated":true}]}}