{"id":61805,"date":"2024-03-22T09:57:50","date_gmt":"2024-03-22T07:57:50","guid":{"rendered":"https:\/\/rubi5.com\/?post_type=product&#038;p=61805"},"modified":"2025-02-14T14:23:07","modified_gmt":"2025-02-14T12:23:07","slug":"pulsera-sublimada-reciclada-2-caras-a-todo-color","status":"publish","type":"product","link":"https:\/\/rubi5.com\/staging\/pulsera-sublimada-reciclada-2-caras-a-todo-color\/","title":{"rendered":"Pulsera sublimada reciclada 2 caras a todo color"},"content":{"rendered":"","protected":false},"excerpt":{"rendered":"<div>Pulsera sublimada a todo color por las dos caras. Fabricada en RPET. Una pulsera 100% reciclada, ideal para empresas concienciadas con el medio ambiente.<\/div>\n<div>\n<div><\/div>\n<div>La cinta mide aprox. 34&#215;1,5 cm.<\/div>\n<div><\/div>\n<\/div>\n<div>Personal\u00edzala por las dos caras a todo color, y podr\u00e1s tener una pulsera reversible, y a\u00f1adir un mensaje por la parte interna de la pulsera.<\/div>\n<div><\/div>\n<div>Elige entre un cierre de seguridad de un solo uso, en el que una vez aprietes la pulsera, ya no habr\u00e1 marcha atr\u00e1s.<\/div>\n<div>Y la otra opci\u00f3n es elegir un cierre extra\u00edble que pueda ponerse y quitarse en el momento que la persona lo desee.<\/div>\n<div><\/div>\n<div>Se entregan en bolsas de 50 unidades.<\/div>\n","protected":false},"featured_media":61815,"template":"","meta":{"_acf_changed":false},"product_brand":[],"product_cat":[1004,54,734],"product_tag":[],"class_list":{"0":"post-61805","1":"product","2":"type-product","3":"status-publish","4":"has-post-thumbnail","6":"product_cat-pulseras-sublimadas","7":"product_cat-eventos","8":"product_cat-pulseras-personalizadas","10":"first","11":"instock","12":"taxable","13":"shipping-taxable","14":"product-type-external"},"acf":[],"_links":{"self":[{"href":"https:\/\/rubi5.com\/staging\/wp-json\/wp\/v2\/product\/61805","targetHints":{"allow":["GET"]}}],"collection":[{"href":"https:\/\/rubi5.com\/staging\/wp-json\/wp\/v2\/product"}],"about":[{"href":"https:\/\/rubi5.com\/staging\/wp-json\/wp\/v2\/types\/product"}],"version-history":[{"count":3,"href":"https:\/\/rubi5.com\/staging\/wp-json\/wp\/v2\/product\/61805\/revisions"}],"predecessor-version":[{"id":61825,"href":"https:\/\/rubi5.com\/staging\/wp-json\/wp\/v2\/product\/61805\/revisions\/61825"}],"wp:featuredmedia":[{"embeddable":true,"href":"https:\/\/rubi5.com\/staging\/wp-json\/wp\/v2\/media\/61815"}],"wp:attachment":[{"href":"https:\/\/rubi5.com\/staging\/wp-json\/wp\/v2\/media?parent=61805"}],"wp:term":[{"taxonomy":"product_brand","embeddable":true,"href":"https:\/\/rubi5.com\/staging\/wp-json\/wp\/v2\/product_brand?post=61805"},{"taxonomy":"product_cat","embeddable":true,"href":"https:\/\/rubi5.com\/staging\/wp-json\/wp\/v2\/product_cat?post=61805"},{"taxonomy":"product_tag","embeddable":true,"href":"https:\/\/rubi5.com\/staging\/wp-json\/wp\/v2\/product_tag?post=61805"}],"curies":[{"name":"wp","href":"https:\/\/api.w.org\/{rel}","templated":true}]}}