{"id":62341,"date":"2024-04-24T10:27:26","date_gmt":"2024-04-24T08:27:26","guid":{"rendered":"https:\/\/rubi5.com\/?post_type=product&#038;p=62341"},"modified":"2024-04-24T10:58:35","modified_gmt":"2024-04-24T08:58:35","slug":"lapiz-bic-sprout","status":"publish","type":"product","link":"https:\/\/rubi5.com\/staging\/lapiz-bic-sprout\/","title":{"rendered":"L\u00e1piz BIC Sprout"},"content":{"rendered":"","protected":false},"excerpt":{"rendered":"<p>Bic ha sacado un nuevo l\u00e1piz que sorprender\u00e1 a los m\u00e1s ecol\u00f3gicos. Podr\u00e1s usar el l\u00e1piz, y cuando lo termines de utilizar, pl\u00e1ntalo y lo ver\u00e1s crecer.<\/p>\n<p>El l\u00e1piz Sprout\u2122 est\u00e1 hecho de madera procedente de bosques sostenibles y no contiene plomo.<\/p>\n<p>El precio incluye la impresi\u00f3n en grabado l\u00e1ser.<\/p>\n<p>\u00a1Deja que tu mensaje se convierta en una planta con tu l\u00e1piz Sprout!<\/p>\n<p>Podr\u00e1s elegir entre 8 semillas diferentes: Abeto, Girasol, margarita, no me olvides, albahaca, tomillo, salvia y tomate cherry.<\/p>\n<p>Podr\u00e1s pedir desde <strong>100 uds. <\/strong>\u00a1Cons\u00faltanos!<\/p>\n","protected":false},"featured_media":62346,"template":"","meta":{"_acf_changed":false},"product_brand":[],"product_cat":[886,317,43],"product_tag":[],"class_list":{"0":"post-62341","1":"product","2":"type-product","3":"status-publish","4":"has-post-thumbnail","6":"product_cat-boligrafos-bic","7":"product_cat-boligrafos-personalizados","8":"product_cat-escritura","9":"pa_marcas-bic","11":"first","12":"instock","13":"taxable","14":"shipping-taxable","15":"purchasable","16":"product-type-simple"},"acf":[],"_links":{"self":[{"href":"https:\/\/rubi5.com\/staging\/wp-json\/wp\/v2\/product\/62341","targetHints":{"allow":["GET"]}}],"collection":[{"href":"https:\/\/rubi5.com\/staging\/wp-json\/wp\/v2\/product"}],"about":[{"href":"https:\/\/rubi5.com\/staging\/wp-json\/wp\/v2\/types\/product"}],"version-history":[{"count":2,"href":"https:\/\/rubi5.com\/staging\/wp-json\/wp\/v2\/product\/62341\/revisions"}],"predecessor-version":[{"id":62350,"href":"https:\/\/rubi5.com\/staging\/wp-json\/wp\/v2\/product\/62341\/revisions\/62350"}],"wp:featuredmedia":[{"embeddable":true,"href":"https:\/\/rubi5.com\/staging\/wp-json\/wp\/v2\/media\/62346"}],"wp:attachment":[{"href":"https:\/\/rubi5.com\/staging\/wp-json\/wp\/v2\/media?parent=62341"}],"wp:term":[{"taxonomy":"product_brand","embeddable":true,"href":"https:\/\/rubi5.com\/staging\/wp-json\/wp\/v2\/product_brand?post=62341"},{"taxonomy":"product_cat","embeddable":true,"href":"https:\/\/rubi5.com\/staging\/wp-json\/wp\/v2\/product_cat?post=62341"},{"taxonomy":"product_tag","embeddable":true,"href":"https:\/\/rubi5.com\/staging\/wp-json\/wp\/v2\/product_tag?post=62341"}],"curies":[{"name":"wp","href":"https:\/\/api.w.org\/{rel}","templated":true}]}}