{"id":62793,"date":"2024-05-22T08:16:09","date_gmt":"2024-05-22T06:16:09","guid":{"rendered":"https:\/\/rubi5.com\/?post_type=product&#038;p=62793"},"modified":"2025-02-05T11:17:39","modified_gmt":"2025-02-05T09:17:39","slug":"trofeo-deportivo-futbol","status":"publish","type":"product","link":"https:\/\/rubi5.com\/staging\/trofeo-deportivo-futbol\/","title":{"rendered":"Trofeo deportivo F\u00fatbol"},"content":{"rendered":"","protected":false},"excerpt":{"rendered":"<div class=\"flex-shrink-0 flex flex-col relative items-end\">\n<div>\n<div class=\"pt-0.5\">\n<div class=\"gizmo-bot-avatar flex h-6 w-6 items-center justify-center overflow-hidden rounded-full juice:h-8 juice:w-8\">\n<div class=\"relative p-1 rounded-sm flex items-center justify-center bg-token-main-surface-primary text-token-text-primary h-8 w-8\">\u26bd Este majestuoso trofeo dorado es el homenaje supremo para los campeones de cualquier competici\u00f3n futbol\u00edstica. Cuenta con un dise\u00f1o robusto y destaca su imponente figura de bal\u00f3n en la cima, simbolizando el esfuerzo y la pasi\u00f3n por el deporte rey. Las tres estrellas que adornan el cuerpo representan la excelencia y el m\u00e9rito en el camino hacia la victoria.<\/div>\n<\/div>\n<\/div>\n<\/div>\n<\/div>\n","protected":false},"featured_media":62794,"template":"","meta":{"_acf_changed":false},"product_brand":[],"product_cat":[142,917,868],"product_tag":[],"class_list":{"0":"post-62793","1":"product","2":"type-product","3":"status-publish","4":"has-post-thumbnail","6":"product_cat-trofeos-y-medallas","7":"product_cat-trofeos-deportivos-personalizados","8":"product_cat-trofeos-personalizados","10":"first","11":"instock","12":"taxable","13":"shipping-taxable","14":"product-type-external"},"acf":[],"_links":{"self":[{"href":"https:\/\/rubi5.com\/staging\/wp-json\/wp\/v2\/product\/62793","targetHints":{"allow":["GET"]}}],"collection":[{"href":"https:\/\/rubi5.com\/staging\/wp-json\/wp\/v2\/product"}],"about":[{"href":"https:\/\/rubi5.com\/staging\/wp-json\/wp\/v2\/types\/product"}],"version-history":[{"count":2,"href":"https:\/\/rubi5.com\/staging\/wp-json\/wp\/v2\/product\/62793\/revisions"}],"predecessor-version":[{"id":62800,"href":"https:\/\/rubi5.com\/staging\/wp-json\/wp\/v2\/product\/62793\/revisions\/62800"}],"wp:featuredmedia":[{"embeddable":true,"href":"https:\/\/rubi5.com\/staging\/wp-json\/wp\/v2\/media\/62794"}],"wp:attachment":[{"href":"https:\/\/rubi5.com\/staging\/wp-json\/wp\/v2\/media?parent=62793"}],"wp:term":[{"taxonomy":"product_brand","embeddable":true,"href":"https:\/\/rubi5.com\/staging\/wp-json\/wp\/v2\/product_brand?post=62793"},{"taxonomy":"product_cat","embeddable":true,"href":"https:\/\/rubi5.com\/staging\/wp-json\/wp\/v2\/product_cat?post=62793"},{"taxonomy":"product_tag","embeddable":true,"href":"https:\/\/rubi5.com\/staging\/wp-json\/wp\/v2\/product_tag?post=62793"}],"curies":[{"name":"wp","href":"https:\/\/api.w.org\/{rel}","templated":true}]}}