{"id":62801,"date":"2024-05-22T08:37:31","date_gmt":"2024-05-22T06:37:31","guid":{"rendered":"https:\/\/rubi5.com\/?post_type=product&#038;p=62801"},"modified":"2025-02-05T11:17:20","modified_gmt":"2025-02-05T09:17:20","slug":"trofeo-deportivo-padel","status":"publish","type":"product","link":"https:\/\/rubi5.com\/staging\/trofeo-deportivo-padel\/","title":{"rendered":"Trofeo deportivo P\u00e1del"},"content":{"rendered":"","protected":false},"excerpt":{"rendered":"<p>Este trofeo din\u00e1mico celebra la destreza y el esp\u00edritu del p\u00e1del. Con una figura en acci\u00f3n, capturando el momento de un golpe decisivo, simboliza la agilidad de los jugadores. Los acentos dorados en la pala, combinado con las l\u00edneas curvas en el fondo a\u00f1aden un toque de movimiento y energ\u00eda al dise\u00f1o.<\/p>\n","protected":false},"featured_media":62805,"template":"","meta":{"_acf_changed":false},"product_brand":[],"product_cat":[142,917,868],"product_tag":[],"class_list":{"0":"post-62801","1":"product","2":"type-product","3":"status-publish","4":"has-post-thumbnail","6":"product_cat-trofeos-y-medallas","7":"product_cat-trofeos-deportivos-personalizados","8":"product_cat-trofeos-personalizados","10":"first","11":"instock","12":"taxable","13":"shipping-taxable","14":"product-type-external"},"acf":[],"_links":{"self":[{"href":"https:\/\/rubi5.com\/staging\/wp-json\/wp\/v2\/product\/62801","targetHints":{"allow":["GET"]}}],"collection":[{"href":"https:\/\/rubi5.com\/staging\/wp-json\/wp\/v2\/product"}],"about":[{"href":"https:\/\/rubi5.com\/staging\/wp-json\/wp\/v2\/types\/product"}],"version-history":[{"count":2,"href":"https:\/\/rubi5.com\/staging\/wp-json\/wp\/v2\/product\/62801\/revisions"}],"predecessor-version":[{"id":62807,"href":"https:\/\/rubi5.com\/staging\/wp-json\/wp\/v2\/product\/62801\/revisions\/62807"}],"wp:featuredmedia":[{"embeddable":true,"href":"https:\/\/rubi5.com\/staging\/wp-json\/wp\/v2\/media\/62805"}],"wp:attachment":[{"href":"https:\/\/rubi5.com\/staging\/wp-json\/wp\/v2\/media?parent=62801"}],"wp:term":[{"taxonomy":"product_brand","embeddable":true,"href":"https:\/\/rubi5.com\/staging\/wp-json\/wp\/v2\/product_brand?post=62801"},{"taxonomy":"product_cat","embeddable":true,"href":"https:\/\/rubi5.com\/staging\/wp-json\/wp\/v2\/product_cat?post=62801"},{"taxonomy":"product_tag","embeddable":true,"href":"https:\/\/rubi5.com\/staging\/wp-json\/wp\/v2\/product_tag?post=62801"}],"curies":[{"name":"wp","href":"https:\/\/api.w.org\/{rel}","templated":true}]}}